{"id":847,"date":"2023-04-07T20:00:27","date_gmt":"2023-04-07T17:00:27","guid":{"rendered":"https:\/\/rajamaki.boaz.zoner.dev\/?page_id=847"},"modified":"2025-12-31T20:21:00","modified_gmt":"2025-12-31T18:21:00","slug":"kontakta","status":"publish","type":"page","link":"https:\/\/rajamaki.info\/sv\/kontakta\/","title":{"rendered":"Kontakta"},"content":{"rendered":"\t\t<div data-elementor-type=\"wp-page\" data-elementor-id=\"847\" class=\"elementor elementor-847 elementor-63\" data-elementor-post-type=\"page\">\n\t\t\t\t\t\t<section data-dce-background-image-url=\"https:\/\/rajamaki.info\/wp-content\/uploads\/2025\/11\/5-scaled.jpeg\" class=\"elementor-section elementor-top-section elementor-element elementor-element-bfc2d39 elementor-section-height-min-height elementor-section-boxed elementor-section-height-default elementor-section-items-middle\" data-id=\"bfc2d39\" data-element_type=\"section\" data-e-type=\"section\" data-settings=\"{&quot;background_background&quot;:&quot;classic&quot;}\">\n\t\t\t\t\t\t<div class=\"elementor-container elementor-column-gap-default\">\n\t\t\t\t\t<div class=\"elementor-column elementor-col-100 elementor-top-column elementor-element elementor-element-49f6336\" data-id=\"49f6336\" data-element_type=\"column\" data-e-type=\"column\">\n\t\t\t<div class=\"elementor-widget-wrap\">\n\t\t\t\t\t\t\t<\/div>\n\t\t<\/div>\n\t\t\t\t\t<\/div>\n\t\t<\/section>\n\t\t\t\t<section class=\"elementor-section elementor-top-section elementor-element elementor-element-9c590b4 elementor-section-boxed elementor-section-height-default elementor-section-height-default\" data-id=\"9c590b4\" data-element_type=\"section\" data-e-type=\"section\" data-settings=\"{&quot;background_background&quot;:&quot;classic&quot;}\">\n\t\t\t\t\t\t<div class=\"elementor-container elementor-column-gap-default\">\n\t\t\t\t\t<div class=\"elementor-column elementor-col-100 elementor-top-column elementor-element elementor-element-9376a83\" data-id=\"9376a83\" data-element_type=\"column\" data-e-type=\"column\">\n\t\t\t<div class=\"elementor-widget-wrap elementor-element-populated\">\n\t\t\t\t\t\t<div class=\"elementor-element elementor-element-a6794e2 elementor-widget elementor-widget-heading\" data-id=\"a6794e2\" data-element_type=\"widget\" data-e-type=\"widget\" data-widget_type=\"heading.default\">\n\t\t\t\t<div class=\"elementor-widget-container\">\n\t\t\t\t\t<h1 class=\"elementor-heading-title elementor-size-default\">Vi har kontakt med hela Sverige<\/h1>\t\t\t\t<\/div>\n\t\t\t\t<\/div>\n\t\t\t\t<div class=\"elementor-element elementor-element-9454d8c elementor-widget elementor-widget-heading\" data-id=\"9454d8c\" data-element_type=\"widget\" data-e-type=\"widget\" data-widget_type=\"heading.default\">\n\t\t\t\t<div class=\"elementor-widget-container\">\n\t\t\t\t\t<h4 class=\"elementor-heading-title elementor-size-default\">N\u00e4r du beh\u00f6ver p\u00e5litlig och professionell transport av ditt gods i Sverige<\/h4>\t\t\t\t<\/div>\n\t\t\t\t<\/div>\n\t\t\t\t<div class=\"elementor-element elementor-element-d5bd49b elementor-widget__width-initial elementor-widget elementor-widget-text-editor\" data-id=\"d5bd49b\" data-element_type=\"widget\" data-e-type=\"widget\" data-widget_type=\"text-editor.default\">\n\t\t\t\t<div class=\"elementor-widget-container\">\n\t\t\t\t\t\t\t\t\t<p>Kontakta oss f\u00f6r att planera en effektiv transporttj\u00e4nst f\u00f6r dig eller ditt f\u00f6retag som uppfyller dina behov. Din kontaktperson \u00e4r h\u00e4r f\u00f6r dig och tar hand om transporten till din destination.<\/p>\t\t\t\t\t\t\t\t<\/div>\n\t\t\t\t<\/div>\n\t\t\t\t<div class=\"elementor-element elementor-element-82297e3 elementor-widget elementor-widget-text-editor\" data-id=\"82297e3\" data-element_type=\"widget\" data-e-type=\"widget\" data-widget_type=\"text-editor.default\">\n\t\t\t\t<div class=\"elementor-widget-container\">\n\t\t\t\t\t\t\t\t\t<p><b>\u00c5keri Ismo Rajam\u00e4ki AB<\/b><\/p>\n<p>BOX 24103, 10451 Stockholm, Sverige<\/p>\n<p>F\u00f6retags-ID: SE559126499801<br>Org.no: 559126-4998<\/p>\n<p>Kundtj\u00e4nst m\u00e5ndag till fredag 8\u201317<br><a href=\"tel:+46748404846\">+46 74 840 48 46<\/a><br><a href=\"mailto:ismo.rajamaki@rajamaki.info\">ismo.rajamaki@rajamaki.info<\/a><\/p>\n<p>Bes\u00f6ksadress:&nbsp;<span style=\"text-align: start;\">Morabergsv\u00e4gen 39, 152 42 S\u00f6dert\u00e4lje<\/span><\/p>\n<p>Kontonummer:<br>IBAN: SE36 5000 0000 0525 5105 6306<br>BIC : ESSESESS<\/p>\n<p>Bankgiro 251-1822<\/p>\t\t\t\t\t\t\t\t<\/div>\n\t\t\t\t<\/div>\n\t\t\t\t\t<\/div>\n\t\t<\/div>\n\t\t\t\t\t<\/div>\n\t\t<\/section>\n\t\t\t\t<\/div>\n\t\t","protected":false},"excerpt":{"rendered":"<p>Vi har kontakt med hela Sverige N\u00e4r du beh\u00f6ver p\u00e5litlig och professionell transport av ditt gods i Sverige Kontakta oss f\u00f6r att planera en effektiv transporttj\u00e4nst f\u00f6r dig eller ditt f\u00f6retag som uppfyller dina behov. Din kontaktperson \u00e4r h\u00e4r f\u00f6r dig och tar hand om transporten till din destination. \u00c5keri Ismo Rajam\u00e4ki AB BOX 24103, [&hellip;]<\/p>\n","protected":false},"author":1,"featured_media":0,"parent":0,"menu_order":0,"comment_status":"closed","ping_status":"closed","template":"","meta":{"footnotes":""},"class_list":["post-847","page","type-page","status-publish","hentry"],"_links":{"self":[{"href":"https:\/\/rajamaki.info\/sv\/wp-json\/wp\/v2\/pages\/847","targetHints":{"allow":["GET"]}}],"collection":[{"href":"https:\/\/rajamaki.info\/sv\/wp-json\/wp\/v2\/pages"}],"about":[{"href":"https:\/\/rajamaki.info\/sv\/wp-json\/wp\/v2\/types\/page"}],"author":[{"embeddable":true,"href":"https:\/\/rajamaki.info\/sv\/wp-json\/wp\/v2\/users\/1"}],"replies":[{"embeddable":true,"href":"https:\/\/rajamaki.info\/sv\/wp-json\/wp\/v2\/comments?post=847"}],"version-history":[{"count":13,"href":"https:\/\/rajamaki.info\/sv\/wp-json\/wp\/v2\/pages\/847\/revisions"}],"predecessor-version":[{"id":1421,"href":"https:\/\/rajamaki.info\/sv\/wp-json\/wp\/v2\/pages\/847\/revisions\/1421"}],"wp:attachment":[{"href":"https:\/\/rajamaki.info\/sv\/wp-json\/wp\/v2\/media?parent=847"}],"curies":[{"name":"wp","href":"https:\/\/api.w.org\/{rel}","templated":true}]}}