{"id":802,"date":"2023-04-07T19:59:49","date_gmt":"2023-04-07T16:59:49","guid":{"rendered":"https:\/\/rajamaki.boaz.zoner.dev\/?page_id=802"},"modified":"2025-03-31T10:23:38","modified_gmt":"2025-03-31T07:23:38","slug":"om-oss","status":"publish","type":"page","link":"https:\/\/rajamaki.info\/sv\/om-oss\/","title":{"rendered":"Om oss"},"content":{"rendered":"\t\t<div data-elementor-type=\"wp-page\" data-elementor-id=\"802\" class=\"elementor elementor-802 elementor-59\" data-elementor-post-type=\"page\">\n\t\t\t\t\t\t<section data-dce-background-image-url=\"https:\/\/rajamaki.info\/wp-content\/uploads\/2025\/02\/Taevavarava-tee-6B-musta-rekka-auto-scaled.jpeg\" class=\"elementor-section elementor-top-section elementor-element elementor-element-2df7c4d elementor-section-height-min-height elementor-section-boxed elementor-section-height-default elementor-section-items-middle\" data-id=\"2df7c4d\" data-element_type=\"section\" data-e-type=\"section\" data-settings=\"{&quot;background_background&quot;:&quot;classic&quot;}\">\n\t\t\t\t\t\t<div class=\"elementor-container elementor-column-gap-default\">\n\t\t\t\t\t<div class=\"elementor-column elementor-col-100 elementor-top-column elementor-element elementor-element-0bfe971\" data-id=\"0bfe971\" data-element_type=\"column\" data-e-type=\"column\">\n\t\t\t<div class=\"elementor-widget-wrap\">\n\t\t\t\t\t\t\t<\/div>\n\t\t<\/div>\n\t\t\t\t\t<\/div>\n\t\t<\/section>\n\t\t\t\t<section class=\"elementor-section elementor-top-section elementor-element elementor-element-0b18d5f elementor-section-boxed elementor-section-height-default elementor-section-height-default\" data-id=\"0b18d5f\" data-element_type=\"section\" data-e-type=\"section\" data-settings=\"{&quot;background_background&quot;:&quot;classic&quot;}\">\n\t\t\t\t\t\t<div class=\"elementor-container elementor-column-gap-default\">\n\t\t\t\t\t<div class=\"elementor-column elementor-col-50 elementor-top-column elementor-element elementor-element-a4c00ee\" data-id=\"a4c00ee\" data-element_type=\"column\" data-e-type=\"column\">\n\t\t\t<div class=\"elementor-widget-wrap elementor-element-populated\">\n\t\t\t\t\t\t<div class=\"elementor-element elementor-element-8f15541 elementor-widget elementor-widget-heading\" data-id=\"8f15541\" data-element_type=\"widget\" data-e-type=\"widget\" data-widget_type=\"heading.default\">\n\t\t\t\t<div class=\"elementor-widget-container\">\n\t\t\t\t\t<h1 class=\"elementor-heading-title elementor-size-default\">Omfattande transporter<\/h1>\t\t\t\t<\/div>\n\t\t\t\t<\/div>\n\t\t\t\t<div class=\"elementor-element elementor-element-9cffa4d elementor-widget__width-initial elementor-widget-tablet__width-initial elementor-widget elementor-widget-heading\" data-id=\"9cffa4d\" data-element_type=\"widget\" data-e-type=\"widget\" data-widget_type=\"heading.default\">\n\t\t\t\t<div class=\"elementor-widget-container\">\n\t\t\t\t\t<h4 class=\"elementor-heading-title elementor-size-default\">M\u00e5nga \u00e5rs erfarenhet \u00f6ver hela Sverige<\/h4>\t\t\t\t<\/div>\n\t\t\t\t<\/div>\n\t\t\t\t<div class=\"elementor-element elementor-element-14e0d5f elementor-widget__width-initial elementor-widget-mobile__width-initial elementor-widget elementor-widget-text-editor\" data-id=\"14e0d5f\" data-element_type=\"widget\" data-e-type=\"widget\" data-widget_type=\"text-editor.default\">\n\t\t\t\t<div class=\"elementor-widget-container\">\n\t\t\t\t\t\t\t\t\t<p>\u00c5keri Ismo Rajam\u00e4kis verksamhet b\u00f6rjade i Finland 1995, d\u00e5 transportf\u00f6retaget International Transport Ismo Rajam\u00e4ki inledde sin verksamhet. Redan fr\u00e5n b\u00f6rjan betj\u00e4nade f\u00f6retaget \u00e4ven f\u00f6retagskunder i Sverige. \u00c5r 2014 grundades ett eget f\u00f6retag i Sverige, \u00c5keri Ismo Rajam\u00e4ki.<\/p><p>Under \u00e5ren har vi vuxit till ett internationellt transportf\u00f6retag som med bred yrkeskunskap och modern utrustning transporterar styckegods och temperaturkontrollerade laster i Sverige, Norden och \u00f6vriga Europa.<\/p><p>F\u00f6retagskunderna uppskattar v\u00e5r anpassningsf\u00f6rm\u00e5ga och flexibilitet i f\u00f6r\u00e4ndrade situationer. Vi \u00e4r p\u00e5litliga p\u00e5 alla v\u00e4gar!<\/p>\t\t\t\t\t\t\t\t<\/div>\n\t\t\t\t<\/div>\n\t\t\t\t\t<\/div>\n\t\t<\/div>\n\t\t\t\t<div class=\"elementor-column elementor-col-50 elementor-top-column elementor-element elementor-element-2f60e76\" data-id=\"2f60e76\" data-element_type=\"column\" data-e-type=\"column\">\n\t\t\t<div class=\"elementor-widget-wrap elementor-element-populated\">\n\t\t\t\t\t\t<div class=\"elementor-element elementor-element-243cc8e dce_masking-none elementor-widget elementor-widget-image\" data-id=\"243cc8e\" data-element_type=\"widget\" data-e-type=\"widget\" data-widget_type=\"image.default\">\n\t\t\t\t<div class=\"elementor-widget-container\">\n\t\t\t\t\t\t\t\t\t\t\t\t\t\t\t<img fetchpriority=\"high\" decoding=\"async\" width=\"800\" height=\"600\" src=\"https:\/\/rajamaki.info\/wp-content\/uploads\/2025\/02\/Sievin-kenkarekka-1024x768.jpeg\" class=\"attachment-large size-large wp-image-1312\" alt=\"Sievin kenk\u00e4rekka\" srcset=\"https:\/\/rajamaki.info\/wp-content\/uploads\/2025\/02\/Sievin-kenkarekka-1024x768.jpeg 1024w, https:\/\/rajamaki.info\/wp-content\/uploads\/2025\/02\/Sievin-kenkarekka-300x225.jpeg 300w, https:\/\/rajamaki.info\/wp-content\/uploads\/2025\/02\/Sievin-kenkarekka-768x576.jpeg 768w, https:\/\/rajamaki.info\/wp-content\/uploads\/2025\/02\/Sievin-kenkarekka-1536x1152.jpeg 1536w, https:\/\/rajamaki.info\/wp-content\/uploads\/2025\/02\/Sievin-kenkarekka-2048x1536.jpeg 2048w\" sizes=\"(max-width: 800px) 100vw, 800px\" \/>\t\t\t\t\t\t\t\t\t\t\t\t\t\t\t<\/div>\n\t\t\t\t<\/div>\n\t\t\t\t\t<\/div>\n\t\t<\/div>\n\t\t\t\t\t<\/div>\n\t\t<\/section>\n\t\t\t\t<section class=\"elementor-section elementor-top-section elementor-element elementor-element-8fc01b3 elementor-reverse-tablet elementor-reverse-mobile elementor-section-boxed elementor-section-height-default elementor-section-height-default\" data-id=\"8fc01b3\" data-element_type=\"section\" data-e-type=\"section\" data-settings=\"{&quot;background_background&quot;:&quot;classic&quot;}\">\n\t\t\t\t\t\t<div class=\"elementor-container elementor-column-gap-default\">\n\t\t\t\t\t<div class=\"elementor-column elementor-col-50 elementor-top-column elementor-element elementor-element-918f9da\" data-id=\"918f9da\" data-element_type=\"column\" data-e-type=\"column\">\n\t\t\t<div class=\"elementor-widget-wrap elementor-element-populated\">\n\t\t\t\t\t\t<div class=\"elementor-element elementor-element-ca99d8b elementor-widget__width-initial elementor-widget-tablet__width-initial elementor-widget elementor-widget-heading\" data-id=\"ca99d8b\" data-element_type=\"widget\" data-e-type=\"widget\" data-widget_type=\"heading.default\">\n\t\t\t\t<div class=\"elementor-widget-container\">\n\t\t\t\t\t<h4 class=\"elementor-heading-title elementor-size-default\">Ismo Rajam\u00e4ki<\/h4>\t\t\t\t<\/div>\n\t\t\t\t<\/div>\n\t\t\t\t<div class=\"elementor-element elementor-element-a80d72a elementor-widget__width-initial elementor-widget-mobile__width-initial elementor-widget elementor-widget-text-editor\" data-id=\"a80d72a\" data-element_type=\"widget\" data-e-type=\"widget\" data-widget_type=\"text-editor.default\">\n\t\t\t\t<div class=\"elementor-widget-container\">\n\t\t\t\t\t\t\t\t\tV\u00e5rt f\u00f6retag \u00e4r uppkallat efter sin grundare Ismo Rajam\u00e4ki. Transport ligger n\u00e4ra Ismos hj\u00e4rta, han praktiskt taget f\u00f6ddes i en lastbil, eftersom hans f\u00f6r\u00e4ldrar redan var f\u00f6retagare inom transportbranschen. Den f\u00f6retagsamma Rajam\u00e4ki \u00e4r k\u00e4nd f\u00f6r sin vilja att utveckla branschen och erbjuda mer kundorienterad service. F\u00f6rutom att man k\u00e4nner igenom honom bakom ratten p\u00e5 en lastbil, k\u00e4nner m\u00e5nga ocks\u00e5 igen honom bakom ratten p\u00e5 en rallybil, eftersom han har t\u00e4vlat sedan 1987.\t\t\t\t\t\t\t\t<\/div>\n\t\t\t\t<\/div>\n\t\t\t\t\t<\/div>\n\t\t<\/div>\n\t\t\t\t<div class=\"elementor-column elementor-col-50 elementor-top-column elementor-element elementor-element-f197897\" data-id=\"f197897\" data-element_type=\"column\" data-e-type=\"column\">\n\t\t\t<div class=\"elementor-widget-wrap elementor-element-populated\">\n\t\t\t\t\t\t<div class=\"elementor-element elementor-element-e4a1f1c dce_masking-none elementor-widget elementor-widget-image\" data-id=\"e4a1f1c\" data-element_type=\"widget\" data-e-type=\"widget\" data-widget_type=\"image.default\">\n\t\t\t\t<div class=\"elementor-widget-container\">\n\t\t\t\t\t\t\t\t\t\t\t\t\t\t\t<img decoding=\"async\" width=\"800\" height=\"800\" src=\"https:\/\/rajamaki.info\/wp-content\/uploads\/2023\/04\/Ismo_Rajamaki-1024x1024.jpeg\" class=\"attachment-large size-large wp-image-410\" alt=\"\" srcset=\"https:\/\/rajamaki.info\/wp-content\/uploads\/2023\/04\/Ismo_Rajamaki-1024x1024.jpeg 1024w, https:\/\/rajamaki.info\/wp-content\/uploads\/2023\/04\/Ismo_Rajamaki-300x300.jpeg 300w, https:\/\/rajamaki.info\/wp-content\/uploads\/2023\/04\/Ismo_Rajamaki-150x150.jpeg 150w, https:\/\/rajamaki.info\/wp-content\/uploads\/2023\/04\/Ismo_Rajamaki-768x768.jpeg 768w, https:\/\/rajamaki.info\/wp-content\/uploads\/2023\/04\/Ismo_Rajamaki-1536x1536.jpeg 1536w, https:\/\/rajamaki.info\/wp-content\/uploads\/2023\/04\/Ismo_Rajamaki.jpeg 1920w\" sizes=\"(max-width: 800px) 100vw, 800px\" \/>\t\t\t\t\t\t\t\t\t\t\t\t\t\t\t<\/div>\n\t\t\t\t<\/div>\n\t\t\t\t\t<\/div>\n\t\t<\/div>\n\t\t\t\t\t<\/div>\n\t\t<\/section>\n\t\t\t\t<section class=\"elementor-section elementor-top-section elementor-element elementor-element-1b040ea elementor-reverse-tablet elementor-reverse-mobile elementor-section-boxed elementor-section-height-default elementor-section-height-default\" data-id=\"1b040ea\" data-element_type=\"section\" data-e-type=\"section\" data-settings=\"{&quot;background_background&quot;:&quot;classic&quot;}\">\n\t\t\t\t\t\t<div class=\"elementor-container elementor-column-gap-default\">\n\t\t\t\t\t<div class=\"elementor-column elementor-col-100 elementor-top-column elementor-element elementor-element-7ca8ad0\" data-id=\"7ca8ad0\" data-element_type=\"column\" data-e-type=\"column\">\n\t\t\t<div class=\"elementor-widget-wrap elementor-element-populated\">\n\t\t\t\t\t\t<div class=\"elementor-element elementor-element-d7d942f dce_masking-none elementor-widget elementor-widget-video\" data-id=\"d7d942f\" data-element_type=\"widget\" data-e-type=\"widget\" data-settings=\"{&quot;youtube_url&quot;:&quot;https:\\\/\\\/www.youtube.com\\\/watch?v=bND0tqx8S9c&amp;t=43s&quot;,&quot;show_image_overlay&quot;:&quot;yes&quot;,&quot;image_overlay&quot;:{&quot;url&quot;:&quot;https:\\\/\\\/rajamaki.info\\\/wp-content\\\/uploads\\\/2023\\\/04\\\/driving-the-new-t-high-renault-s.jpg&quot;,&quot;id&quot;:386,&quot;size&quot;:&quot;&quot;,&quot;alt&quot;:&quot;&quot;,&quot;source&quot;:&quot;library&quot;},&quot;video_type&quot;:&quot;youtube&quot;,&quot;controls&quot;:&quot;yes&quot;}\" data-widget_type=\"video.default\">\n\t\t\t\t<div class=\"elementor-widget-container\">\n\t\t\t\t\t\t\t<div class=\"elementor-wrapper elementor-open-inline\">\n\t\t\t<div class=\"elementor-video\"><\/div>\t\t\t\t<div class=\"elementor-custom-embed-image-overlay\" style=\"background-image: url(https:\/\/rajamaki.info\/wp-content\/uploads\/2023\/04\/driving-the-new-t-high-renault-s.jpg);\">\n\t\t\t\t\t\t\t\t\t\t\t\t\t\t\t\t<div class=\"elementor-custom-embed-play\" role=\"button\" aria-label=\"Spela videoklipp\" tabindex=\"0\">\n\t\t\t\t\t\t\t<i aria-hidden=\"true\" class=\"eicon-play\"><\/i>\t\t\t\t\t\t<\/div>\n\t\t\t\t\t\t\t\t\t<\/div>\n\t\t\t\t\t<\/div>\n\t\t\t\t\t\t<\/div>\n\t\t\t\t<\/div>\n\t\t\t\t\t<\/div>\n\t\t<\/div>\n\t\t\t\t\t<\/div>\n\t\t<\/section>\n\t\t\t\t<\/div>\n\t\t","protected":false},"excerpt":{"rendered":"<p>Omfattande transporter M\u00e5nga \u00e5rs erfarenhet \u00f6ver hela Sverige \u00c5keri Ismo Rajam\u00e4kis verksamhet b\u00f6rjade i Finland 1995, d\u00e5 transportf\u00f6retaget International Transport Ismo Rajam\u00e4ki inledde sin verksamhet. Redan fr\u00e5n b\u00f6rjan betj\u00e4nade f\u00f6retaget \u00e4ven f\u00f6retagskunder i Sverige. \u00c5r 2014 grundades ett eget f\u00f6retag i Sverige, \u00c5keri Ismo Rajam\u00e4ki. Under \u00e5ren har vi vuxit till ett internationellt transportf\u00f6retag som [&hellip;]<\/p>\n","protected":false},"author":1,"featured_media":0,"parent":0,"menu_order":0,"comment_status":"closed","ping_status":"closed","template":"","meta":{"footnotes":""},"class_list":["post-802","page","type-page","status-publish","hentry"],"_links":{"self":[{"href":"https:\/\/rajamaki.info\/sv\/wp-json\/wp\/v2\/pages\/802","targetHints":{"allow":["GET"]}}],"collection":[{"href":"https:\/\/rajamaki.info\/sv\/wp-json\/wp\/v2\/pages"}],"about":[{"href":"https:\/\/rajamaki.info\/sv\/wp-json\/wp\/v2\/types\/page"}],"author":[{"embeddable":true,"href":"https:\/\/rajamaki.info\/sv\/wp-json\/wp\/v2\/users\/1"}],"replies":[{"embeddable":true,"href":"https:\/\/rajamaki.info\/sv\/wp-json\/wp\/v2\/comments?post=802"}],"version-history":[{"count":13,"href":"https:\/\/rajamaki.info\/sv\/wp-json\/wp\/v2\/pages\/802\/revisions"}],"predecessor-version":[{"id":1345,"href":"https:\/\/rajamaki.info\/sv\/wp-json\/wp\/v2\/pages\/802\/revisions\/1345"}],"wp:attachment":[{"href":"https:\/\/rajamaki.info\/sv\/wp-json\/wp\/v2\/media?parent=802"}],"curies":[{"name":"wp","href":"https:\/\/api.w.org\/{rel}","templated":true}]}}