{"id":59,"date":"2023-04-07T19:59:49","date_gmt":"2023-04-07T16:59:49","guid":{"rendered":"https:\/\/rajamaki.boaz.zoner.dev\/?page_id=59"},"modified":"2025-03-31T10:29:54","modified_gmt":"2025-03-31T07:29:54","slug":"meista","status":"publish","type":"page","link":"https:\/\/rajamaki.info\/fi\/meista\/","title":{"rendered":"Meist\u00e4"},"content":{"rendered":"\t\t<div data-elementor-type=\"wp-page\" data-elementor-id=\"59\" class=\"elementor elementor-59\" data-elementor-post-type=\"page\">\n\t\t\t\t\t\t<section data-dce-background-image-url=\"https:\/\/rajamaki.info\/wp-content\/uploads\/2025\/02\/Taevavarava-tee-6B-musta-rekka-auto-scaled.jpeg\" class=\"elementor-section elementor-top-section elementor-element elementor-element-2df7c4d elementor-section-height-min-height elementor-section-boxed elementor-section-height-default elementor-section-items-middle\" data-id=\"2df7c4d\" data-element_type=\"section\" data-e-type=\"section\" data-settings=\"{&quot;background_background&quot;:&quot;classic&quot;}\">\n\t\t\t\t\t\t<div class=\"elementor-container elementor-column-gap-default\">\n\t\t\t\t\t<div class=\"elementor-column elementor-col-100 elementor-top-column elementor-element elementor-element-0bfe971\" data-id=\"0bfe971\" data-element_type=\"column\" data-e-type=\"column\">\n\t\t\t<div class=\"elementor-widget-wrap\">\n\t\t\t\t\t\t\t<\/div>\n\t\t<\/div>\n\t\t\t\t\t<\/div>\n\t\t<\/section>\n\t\t\t\t<section class=\"elementor-section elementor-top-section elementor-element elementor-element-0b18d5f elementor-section-boxed elementor-section-height-default elementor-section-height-default\" data-id=\"0b18d5f\" data-element_type=\"section\" data-e-type=\"section\" data-settings=\"{&quot;background_background&quot;:&quot;classic&quot;}\">\n\t\t\t\t\t\t<div class=\"elementor-container elementor-column-gap-default\">\n\t\t\t\t\t<div class=\"elementor-column elementor-col-50 elementor-top-column elementor-element elementor-element-a4c00ee\" data-id=\"a4c00ee\" data-element_type=\"column\" data-e-type=\"column\">\n\t\t\t<div class=\"elementor-widget-wrap elementor-element-populated\">\n\t\t\t\t\t\t<div class=\"elementor-element elementor-element-8f15541 elementor-widget elementor-widget-heading\" data-id=\"8f15541\" data-element_type=\"widget\" data-e-type=\"widget\" data-widget_type=\"heading.default\">\n\t\t\t\t<div class=\"elementor-widget-container\">\n\t\t\t\t\t<h1 class=\"elementor-heading-title elementor-size-default\">Monipuoliset kansainv\u00e4liset kuljetukset<\/h1>\t\t\t\t<\/div>\n\t\t\t\t<\/div>\n\t\t\t\t<div class=\"elementor-element elementor-element-9cffa4d elementor-widget__width-initial elementor-widget-tablet__width-initial elementor-widget elementor-widget-heading\" data-id=\"9cffa4d\" data-element_type=\"widget\" data-e-type=\"widget\" data-widget_type=\"heading.default\">\n\t\t\t\t<div class=\"elementor-widget-container\">\n\t\t\t\t\t<h4 class=\"elementor-heading-title elementor-size-default\">Vuosien kokemuksella kaikkialle Pohjois-\nmaihin sek\u00e4 Keski- ja Etel\u00e4-Eurooppaan<\/h4>\t\t\t\t<\/div>\n\t\t\t\t<\/div>\n\t\t\t\t<div class=\"elementor-element elementor-element-14e0d5f elementor-widget__width-initial elementor-widget-mobile__width-initial elementor-widget elementor-widget-text-editor\" data-id=\"14e0d5f\" data-element_type=\"widget\" data-e-type=\"widget\" data-widget_type=\"text-editor.default\">\n\t\t\t\t<div class=\"elementor-widget-container\">\n\t\t\t\t\t\t\t\t\t<p>International Transport Ismo Rajam\u00e4ki perustettiin Suomessa vuonna 1995. Vuodesta 2014 olemme palvelleet asiakkaitamme Virosta ja Ruotsista k\u00e4sin.<\/p><p>Vuosien saatossa olemme kasvaneet kansainv\u00e4liseksi kuljetusyhti\u00f6ksi, joka kuljettaa vakaalla ammattitaidolla ja moderneilla puoliper\u00e4vaunuyhdistelmill\u00e4 kappaletavaraa ja l\u00e4mp\u00f6s\u00e4\u00e4deltyj\u00e4 kuormia Pohjoismaihin ja muualle Eurooppaan. Kuljetamme my\u00f6s muuttokuormia sek\u00e4 autoja ja moottoripy\u00f6ri\u00e4 p\u00e4\u00e4osin Espanjaan.<\/p><p>Kuljetamme toimintavarmalla ja modernilla kalustolla, joka t\u00e4ytt\u00e4\u00e4 Euro 6 \u2013p\u00e4\u00e4st\u00f6normit. Yritysasiakkaat arvostavat kokemustamme sek\u00e4 kappaletavaran ett\u00e4 elintarvikkeiden kuljetuksesta. Yksityisasiakkaillemme on t\u00e4rke\u00e4\u00e4 joustavuus ja sitoutuminen. Meihin voit luottaa kaikilla Pohjoismaiden ja Euroopan teill\u00e4.<\/p>\t\t\t\t\t\t\t\t<\/div>\n\t\t\t\t<\/div>\n\t\t\t\t\t<\/div>\n\t\t<\/div>\n\t\t\t\t<div class=\"elementor-column elementor-col-50 elementor-top-column elementor-element elementor-element-2f60e76\" data-id=\"2f60e76\" data-element_type=\"column\" data-e-type=\"column\">\n\t\t\t<div class=\"elementor-widget-wrap elementor-element-populated\">\n\t\t\t\t\t\t<div class=\"elementor-element elementor-element-243cc8e dce_masking-none elementor-widget elementor-widget-image\" data-id=\"243cc8e\" data-element_type=\"widget\" data-e-type=\"widget\" data-widget_type=\"image.default\">\n\t\t\t\t<div class=\"elementor-widget-container\">\n\t\t\t\t\t\t\t\t\t\t\t\t\t\t\t<img fetchpriority=\"high\" decoding=\"async\" width=\"800\" height=\"600\" src=\"https:\/\/rajamaki.info\/wp-content\/uploads\/2025\/02\/Sievin-kenkarekka-1024x768.jpeg\" class=\"attachment-large size-large wp-image-1309\" alt=\"Sievin kenk\u00e4rekka\" srcset=\"https:\/\/rajamaki.info\/wp-content\/uploads\/2025\/02\/Sievin-kenkarekka-1024x768.jpeg 1024w, https:\/\/rajamaki.info\/wp-content\/uploads\/2025\/02\/Sievin-kenkarekka-300x225.jpeg 300w, https:\/\/rajamaki.info\/wp-content\/uploads\/2025\/02\/Sievin-kenkarekka-768x576.jpeg 768w, https:\/\/rajamaki.info\/wp-content\/uploads\/2025\/02\/Sievin-kenkarekka-1536x1152.jpeg 1536w, https:\/\/rajamaki.info\/wp-content\/uploads\/2025\/02\/Sievin-kenkarekka-2048x1536.jpeg 2048w\" sizes=\"(max-width: 800px) 100vw, 800px\" \/>\t\t\t\t\t\t\t\t\t\t\t\t\t\t\t<\/div>\n\t\t\t\t<\/div>\n\t\t\t\t\t<\/div>\n\t\t<\/div>\n\t\t\t\t\t<\/div>\n\t\t<\/section>\n\t\t\t\t<section class=\"elementor-section elementor-top-section elementor-element elementor-element-8fc01b3 elementor-reverse-tablet elementor-reverse-mobile elementor-section-boxed elementor-section-height-default elementor-section-height-default\" data-id=\"8fc01b3\" data-element_type=\"section\" data-e-type=\"section\" data-settings=\"{&quot;background_background&quot;:&quot;classic&quot;}\">\n\t\t\t\t\t\t<div class=\"elementor-container elementor-column-gap-default\">\n\t\t\t\t\t<div class=\"elementor-column elementor-col-50 elementor-top-column elementor-element elementor-element-918f9da\" data-id=\"918f9da\" data-element_type=\"column\" data-e-type=\"column\">\n\t\t\t<div class=\"elementor-widget-wrap elementor-element-populated\">\n\t\t\t\t\t\t<div class=\"elementor-element elementor-element-ca99d8b elementor-widget__width-initial elementor-widget-tablet__width-initial elementor-widget elementor-widget-heading\" data-id=\"ca99d8b\" data-element_type=\"widget\" data-e-type=\"widget\" data-widget_type=\"heading.default\">\n\t\t\t\t<div class=\"elementor-widget-container\">\n\t\t\t\t\t<h4 class=\"elementor-heading-title elementor-size-default\">Ismo Rajam\u00e4ki<\/h4>\t\t\t\t<\/div>\n\t\t\t\t<\/div>\n\t\t\t\t<div class=\"elementor-element elementor-element-a80d72a elementor-widget__width-initial elementor-widget-mobile__width-initial elementor-widget elementor-widget-text-editor\" data-id=\"a80d72a\" data-element_type=\"widget\" data-e-type=\"widget\" data-widget_type=\"text-editor.default\">\n\t\t\t\t<div class=\"elementor-widget-container\">\n\t\t\t\t\t\t\t\t\t<p>Yrityksemme kantaa perustajansa, Ismo Rajam\u00e4en nime\u00e4. Ismo on l\u00e4hes tulkoon syntynyt rekka-auton ohjaamossa, sill\u00e4 jo h\u00e4nen vanhempansa olivat kuljetusalan yritt\u00e4ji\u00e4. Yritt\u00e4j\u00e4henkinen Rajam\u00e4ki on tunnettu halustaan kehitt\u00e4\u00e4 toimialaa ja tarjota entist\u00e4 asiakasl\u00e4ht\u00f6isemp\u00e4\u00e4 palvelua. Raskaan liikenteen lis\u00e4ksi moni tuntee Ismon my\u00f6s ralliauton ratin takaa, sill\u00e4 mies on ajanut rallia kilpaa vuodesta 1987 saakka.<\/p>\t\t\t\t\t\t\t\t<\/div>\n\t\t\t\t<\/div>\n\t\t\t\t\t<\/div>\n\t\t<\/div>\n\t\t\t\t<div class=\"elementor-column elementor-col-50 elementor-top-column elementor-element elementor-element-f197897\" data-id=\"f197897\" data-element_type=\"column\" data-e-type=\"column\">\n\t\t\t<div class=\"elementor-widget-wrap elementor-element-populated\">\n\t\t\t\t\t\t<div class=\"elementor-element elementor-element-e4a1f1c dce_masking-none elementor-widget elementor-widget-image\" data-id=\"e4a1f1c\" data-element_type=\"widget\" data-e-type=\"widget\" data-widget_type=\"image.default\">\n\t\t\t\t<div class=\"elementor-widget-container\">\n\t\t\t\t\t\t\t\t\t\t\t\t\t\t\t<img decoding=\"async\" width=\"800\" height=\"800\" src=\"https:\/\/rajamaki.info\/wp-content\/uploads\/2023\/04\/Ismo_Rajamaki-1024x1024.jpeg\" class=\"attachment-large size-large wp-image-301\" alt=\"Ismo Rajam\u00e4en henkil\u00f6kuva\" srcset=\"https:\/\/rajamaki.info\/wp-content\/uploads\/2023\/04\/Ismo_Rajamaki-1024x1024.jpeg 1024w, https:\/\/rajamaki.info\/wp-content\/uploads\/2023\/04\/Ismo_Rajamaki-300x300.jpeg 300w, https:\/\/rajamaki.info\/wp-content\/uploads\/2023\/04\/Ismo_Rajamaki-150x150.jpeg 150w, https:\/\/rajamaki.info\/wp-content\/uploads\/2023\/04\/Ismo_Rajamaki-768x768.jpeg 768w, https:\/\/rajamaki.info\/wp-content\/uploads\/2023\/04\/Ismo_Rajamaki-1536x1536.jpeg 1536w, https:\/\/rajamaki.info\/wp-content\/uploads\/2023\/04\/Ismo_Rajamaki.jpeg 1920w\" sizes=\"(max-width: 800px) 100vw, 800px\" \/>\t\t\t\t\t\t\t\t\t\t\t\t\t\t\t<\/div>\n\t\t\t\t<\/div>\n\t\t\t\t\t<\/div>\n\t\t<\/div>\n\t\t\t\t\t<\/div>\n\t\t<\/section>\n\t\t\t\t<section class=\"elementor-section elementor-top-section elementor-element elementor-element-1b040ea elementor-reverse-tablet elementor-reverse-mobile elementor-section-boxed elementor-section-height-default elementor-section-height-default\" data-id=\"1b040ea\" data-element_type=\"section\" data-e-type=\"section\" data-settings=\"{&quot;background_background&quot;:&quot;classic&quot;}\">\n\t\t\t\t\t\t<div class=\"elementor-container elementor-column-gap-default\">\n\t\t\t\t\t<div class=\"elementor-column elementor-col-100 elementor-top-column elementor-element elementor-element-7ca8ad0\" data-id=\"7ca8ad0\" data-element_type=\"column\" data-e-type=\"column\">\n\t\t\t<div class=\"elementor-widget-wrap elementor-element-populated\">\n\t\t\t\t\t\t<div class=\"elementor-element elementor-element-d7d942f dce_masking-none elementor-widget elementor-widget-video\" data-id=\"d7d942f\" data-element_type=\"widget\" data-e-type=\"widget\" data-settings=\"{&quot;youtube_url&quot;:&quot;https:\\\/\\\/www.youtube.com\\\/watch?v=bND0tqx8S9c&amp;t=43s&quot;,&quot;show_image_overlay&quot;:&quot;yes&quot;,&quot;image_overlay&quot;:{&quot;url&quot;:&quot;https:\\\/\\\/rajamaki.boaz.zoner.dev\\\/wp-content\\\/uploads\\\/2023\\\/04\\\/driving-the-new-t-high-renault-s.jpg&quot;,&quot;id&quot;:252,&quot;size&quot;:&quot;&quot;,&quot;alt&quot;:&quot;&quot;,&quot;source&quot;:&quot;library&quot;},&quot;video_type&quot;:&quot;youtube&quot;,&quot;controls&quot;:&quot;yes&quot;}\" data-widget_type=\"video.default\">\n\t\t\t\t<div class=\"elementor-widget-container\">\n\t\t\t\t\t\t\t<div class=\"elementor-wrapper elementor-open-inline\">\n\t\t\t<div class=\"elementor-video\"><\/div>\t\t\t\t<div class=\"elementor-custom-embed-image-overlay\" style=\"background-image: url(https:\/\/rajamaki.info\/wp-content\/uploads\/2023\/04\/driving-the-new-t-high-renault-s.jpg);\">\n\t\t\t\t\t\t\t\t\t\t\t\t\t\t\t\t<div class=\"elementor-custom-embed-play\" role=\"button\" aria-label=\"Katso video\" tabindex=\"0\">\n\t\t\t\t\t\t\t<i aria-hidden=\"true\" class=\"eicon-play\"><\/i>\t\t\t\t\t\t<\/div>\n\t\t\t\t\t\t\t\t\t<\/div>\n\t\t\t\t\t<\/div>\n\t\t\t\t\t\t<\/div>\n\t\t\t\t<\/div>\n\t\t\t\t\t<\/div>\n\t\t<\/div>\n\t\t\t\t\t<\/div>\n\t\t<\/section>\n\t\t\t\t<section data-dce-background-image-url=\"https:\/\/rajamaki.boaz.zoner.dev\/wp-content\/uploads\/2023\/04\/Ismo_Rajamaki_International_Transport_avoimet_tyopaikat-768x513.jpg\" class=\"elementor-section elementor-top-section elementor-element elementor-element-10d9f73 elementor-section-height-min-height elementor-section-boxed elementor-section-height-default elementor-section-items-middle\" data-id=\"10d9f73\" data-element_type=\"section\" data-e-type=\"section\" data-settings=\"{&quot;background_background&quot;:&quot;classic&quot;}\">\n\t\t\t\t\t\t<div class=\"elementor-container elementor-column-gap-default\">\n\t\t\t\t\t<div class=\"elementor-column elementor-col-50 elementor-top-column elementor-element elementor-element-aa920e7\" data-id=\"aa920e7\" data-element_type=\"column\" data-e-type=\"column\" data-settings=\"{&quot;background_background&quot;:&quot;classic&quot;}\">\n\t\t\t<div class=\"elementor-widget-wrap elementor-element-populated\">\n\t\t\t\t\t\t<div class=\"elementor-element elementor-element-eff836b elementor-widget elementor-widget-heading\" data-id=\"eff836b\" data-element_type=\"widget\" data-e-type=\"widget\" data-widget_type=\"heading.default\">\n\t\t\t\t<div class=\"elementor-widget-container\">\n\t\t\t\t\t<h2 class=\"elementor-heading-title elementor-size-default\"><a href=\"\/fi\/avoimet-tyopaikat\">AVOIMET TY\u00d6PAIKAT<\/a><\/h2>\t\t\t\t<\/div>\n\t\t\t\t<\/div>\n\t\t\t\t<div class=\"elementor-element elementor-element-e86bdef elementor-widget elementor-widget-heading\" data-id=\"e86bdef\" data-element_type=\"widget\" data-e-type=\"widget\" data-widget_type=\"heading.default\">\n\t\t\t\t<div class=\"elementor-widget-container\">\n\t\t\t\t\t<h2 class=\"elementor-heading-title elementor-size-default\"><a href=\"\/fi\/avoimet-tyopaikat\">Hae meille t\u00f6ihin -&gt;<\/a><\/h2>\t\t\t\t<\/div>\n\t\t\t\t<\/div>\n\t\t\t\t\t<\/div>\n\t\t<\/div>\n\t\t\t\t<div class=\"elementor-column elementor-col-50 elementor-top-column elementor-element elementor-element-aa0ec56\" data-id=\"aa0ec56\" data-element_type=\"column\" data-e-type=\"column\" data-settings=\"{&quot;background_background&quot;:&quot;classic&quot;}\">\n\t\t\t<div class=\"elementor-widget-wrap\">\n\t\t\t\t\t\t\t<\/div>\n\t\t<\/div>\n\t\t\t\t\t<\/div>\n\t\t<\/section>\n\t\t\t\t<\/div>\n\t\t","protected":false},"excerpt":{"rendered":"<p>Monipuoliset kansainv\u00e4liset kuljetukset Vuosien kokemuksella kaikkialle Pohjois- maihin sek\u00e4 Keski- ja Etel\u00e4-Eurooppaan International Transport Ismo Rajam\u00e4ki perustettiin Suomessa vuonna 1995. Vuodesta 2014 olemme palvelleet asiakkaitamme Virosta ja Ruotsista k\u00e4sin. Vuosien saatossa olemme kasvaneet kansainv\u00e4liseksi kuljetusyhti\u00f6ksi, joka kuljettaa vakaalla ammattitaidolla ja moderneilla puoliper\u00e4vaunuyhdistelmill\u00e4 kappaletavaraa ja l\u00e4mp\u00f6s\u00e4\u00e4deltyj\u00e4 kuormia Pohjoismaihin ja muualle Eurooppaan. Kuljetamme my\u00f6s muuttokuormia sek\u00e4 autoja [&hellip;]<\/p>\n","protected":false},"author":1,"featured_media":0,"parent":0,"menu_order":0,"comment_status":"closed","ping_status":"closed","template":"","meta":{"footnotes":""},"class_list":["post-59","page","type-page","status-publish","hentry"],"_links":{"self":[{"href":"https:\/\/rajamaki.info\/fi\/wp-json\/wp\/v2\/pages\/59","targetHints":{"allow":["GET"]}}],"collection":[{"href":"https:\/\/rajamaki.info\/fi\/wp-json\/wp\/v2\/pages"}],"about":[{"href":"https:\/\/rajamaki.info\/fi\/wp-json\/wp\/v2\/types\/page"}],"author":[{"embeddable":true,"href":"https:\/\/rajamaki.info\/fi\/wp-json\/wp\/v2\/users\/1"}],"replies":[{"embeddable":true,"href":"https:\/\/rajamaki.info\/fi\/wp-json\/wp\/v2\/comments?post=59"}],"version-history":[{"count":56,"href":"https:\/\/rajamaki.info\/fi\/wp-json\/wp\/v2\/pages\/59\/revisions"}],"predecessor-version":[{"id":1357,"href":"https:\/\/rajamaki.info\/fi\/wp-json\/wp\/v2\/pages\/59\/revisions\/1357"}],"wp:attachment":[{"href":"https:\/\/rajamaki.info\/fi\/wp-json\/wp\/v2\/media?parent=59"}],"curies":[{"name":"wp","href":"https:\/\/api.w.org\/{rel}","templated":true}]}}