{"id":50,"date":"2023-04-07T19:57:45","date_gmt":"2023-04-07T16:57:45","guid":{"rendered":"https:\/\/rajamaki.boaz.zoner.dev\/?page_id=50"},"modified":"2025-11-10T12:42:11","modified_gmt":"2025-11-10T10:42:11","slug":"kuljetukset-pohjoismaihin","status":"publish","type":"page","link":"https:\/\/rajamaki.info\/fi\/kuljetukset-pohjoismaihin\/","title":{"rendered":"Kuljetukset Pohjoismaihin"},"content":{"rendered":"\t\t<div data-elementor-type=\"wp-page\" data-elementor-id=\"50\" class=\"elementor elementor-50\" data-elementor-post-type=\"page\">\n\t\t\t\t\t\t<section data-dce-background-image-url=\"https:\/\/rajamaki.info\/wp-content\/uploads\/2025\/11\/IMG_5561-scaled.jpg\" class=\"elementor-section elementor-top-section elementor-element elementor-element-1a93fae elementor-section-height-min-height elementor-section-boxed elementor-section-height-default elementor-section-items-middle\" data-id=\"1a93fae\" data-element_type=\"section\" data-e-type=\"section\" data-settings=\"{&quot;background_background&quot;:&quot;classic&quot;}\">\n\t\t\t\t\t\t<div class=\"elementor-container elementor-column-gap-default\">\n\t\t\t\t\t<div class=\"elementor-column elementor-col-100 elementor-top-column elementor-element elementor-element-7c2172f\" data-id=\"7c2172f\" data-element_type=\"column\" data-e-type=\"column\">\n\t\t\t<div class=\"elementor-widget-wrap\">\n\t\t\t\t\t\t\t<\/div>\n\t\t<\/div>\n\t\t\t\t\t<\/div>\n\t\t<\/section>\n\t\t\t\t<section class=\"elementor-section elementor-top-section elementor-element elementor-element-eab25cd elementor-section-boxed elementor-section-height-default elementor-section-height-default\" data-id=\"eab25cd\" data-element_type=\"section\" data-e-type=\"section\" data-settings=\"{&quot;background_background&quot;:&quot;classic&quot;}\">\n\t\t\t\t\t\t<div class=\"elementor-container elementor-column-gap-default\">\n\t\t\t\t\t<div class=\"elementor-column elementor-col-50 elementor-top-column elementor-element elementor-element-009609e\" data-id=\"009609e\" data-element_type=\"column\" data-e-type=\"column\">\n\t\t\t<div class=\"elementor-widget-wrap elementor-element-populated\">\n\t\t\t\t\t\t<div class=\"elementor-element elementor-element-c3d0473 elementor-widget elementor-widget-heading\" data-id=\"c3d0473\" data-element_type=\"widget\" data-e-type=\"widget\" data-widget_type=\"heading.default\">\n\t\t\t\t<div class=\"elementor-widget-container\">\n\t\t\t\t\t<h1 class=\"elementor-heading-title elementor-size-default\">Kuljetukset Pohjoismaihin<\/h1>\t\t\t\t<\/div>\n\t\t\t\t<\/div>\n\t\t\t\t<div class=\"elementor-element elementor-element-b945ffb elementor-widget__width-initial elementor-widget-tablet__width-initial elementor-widget elementor-widget-heading\" data-id=\"b945ffb\" data-element_type=\"widget\" data-e-type=\"widget\" data-widget_type=\"heading.default\">\n\t\t\t\t<div class=\"elementor-widget-container\">\n\t\t\t\t\t<h4 class=\"elementor-heading-title elementor-size-default\">Kuljetukset Ruotsiin, Norjaan ja Tanskaan<\/h4>\t\t\t\t<\/div>\n\t\t\t\t<\/div>\n\t\t\t\t<div class=\"elementor-element elementor-element-cafe94d elementor-widget__width-initial elementor-widget-mobile__width-initial elementor-widget elementor-widget-text-editor\" data-id=\"cafe94d\" data-element_type=\"widget\" data-e-type=\"widget\" data-widget_type=\"text-editor.default\">\n\t\t\t\t<div class=\"elementor-widget-container\">\n\t\t\t\t\t\t\t\t\t<p>Kuljetamme s\u00e4\u00e4nn\u00f6llisesti Pohjoismaissa Ruotsiin, Norjaan ja Tanskaan. Kuljetuskalustomme ovat puoliper\u00e4vaunuyhdistelmi\u00e4, jotka t\u00e4ytt\u00e4v\u00e4t Euro 6 \u2013 p\u00e4\u00e4st\u00f6normit. Per\u00e4vaunumme ovat kaappi- tai sivuaukeavia vaunuja, joissa on GPS-seuranta. Oma yhteyshenkil\u00f6si varmistaa tavaravirrallesi sujuvan kuljetuksen kaikkialle Pohjoismaihin.<\/p>\t\t\t\t\t\t\t\t<\/div>\n\t\t\t\t<\/div>\n\t\t\t\t\t<\/div>\n\t\t<\/div>\n\t\t\t\t<div class=\"elementor-column elementor-col-50 elementor-top-column elementor-element elementor-element-ef73ff3\" data-id=\"ef73ff3\" data-element_type=\"column\" data-e-type=\"column\">\n\t\t\t<div class=\"elementor-widget-wrap elementor-element-populated\">\n\t\t\t\t\t\t<div class=\"elementor-element elementor-element-bbb1602 dce_masking-none elementor-widget elementor-widget-image\" data-id=\"bbb1602\" data-element_type=\"widget\" data-e-type=\"widget\" data-widget_type=\"image.default\">\n\t\t\t\t<div class=\"elementor-widget-container\">\n\t\t\t\t\t\t\t\t\t\t\t\t\t\t\t<img fetchpriority=\"high\" decoding=\"async\" width=\"800\" height=\"600\" src=\"https:\/\/rajamaki.info\/wp-content\/uploads\/2023\/10\/IMG_7400-1024x768.jpeg\" class=\"attachment-large size-large wp-image-1201\" alt=\"Kuljetukset pohjoismaihin\" srcset=\"https:\/\/rajamaki.info\/wp-content\/uploads\/2023\/10\/IMG_7400-1024x768.jpeg 1024w, https:\/\/rajamaki.info\/wp-content\/uploads\/2023\/10\/IMG_7400-300x225.jpeg 300w, https:\/\/rajamaki.info\/wp-content\/uploads\/2023\/10\/IMG_7400-768x576.jpeg 768w, https:\/\/rajamaki.info\/wp-content\/uploads\/2023\/10\/IMG_7400-1536x1152.jpeg 1536w, https:\/\/rajamaki.info\/wp-content\/uploads\/2023\/10\/IMG_7400-2048x1536.jpeg 2048w\" sizes=\"(max-width: 800px) 100vw, 800px\" \/>\t\t\t\t\t\t\t\t\t\t\t\t\t\t\t<\/div>\n\t\t\t\t<\/div>\n\t\t\t\t\t<\/div>\n\t\t<\/div>\n\t\t\t\t\t<\/div>\n\t\t<\/section>\n\t\t\t\t<section class=\"elementor-section elementor-top-section elementor-element elementor-element-7013150 elementor-section-boxed elementor-section-height-default elementor-section-height-default\" data-id=\"7013150\" data-element_type=\"section\" data-e-type=\"section\" data-settings=\"{&quot;background_background&quot;:&quot;classic&quot;}\">\n\t\t\t\t\t\t<div class=\"elementor-container elementor-column-gap-default\">\n\t\t\t\t\t<div class=\"elementor-column elementor-col-100 elementor-top-column elementor-element elementor-element-be2ee2b\" data-id=\"be2ee2b\" data-element_type=\"column\" data-e-type=\"column\">\n\t\t\t<div class=\"elementor-widget-wrap elementor-element-populated\">\n\t\t\t\t\t\t<div class=\"elementor-element elementor-element-cea7eff elementor-widget elementor-widget-template\" data-id=\"cea7eff\" data-element_type=\"widget\" data-e-type=\"widget\" data-widget_type=\"template.default\">\n\t\t\t\t<div class=\"elementor-widget-container\">\n\t\t\t\t\t\t\t<div class=\"elementor-template\">\n\t\t\t\t\t<div data-elementor-type=\"section\" data-elementor-id=\"88\" class=\"elementor elementor-88\" data-elementor-post-type=\"elementor_library\">\n\t\t\t\t\t<section class=\"elementor-section elementor-top-section elementor-element elementor-element-da783e1 elementor-section-boxed elementor-section-height-default elementor-section-height-default\" data-id=\"da783e1\" data-element_type=\"section\" data-e-type=\"section\" id=\"palvelut\" data-settings=\"{&quot;background_background&quot;:&quot;classic&quot;}\">\n\t\t\t\t\t\t<div class=\"elementor-container elementor-column-gap-default\">\n\t\t\t\t\t<div class=\"elementor-column elementor-col-100 elementor-top-column elementor-element elementor-element-c678ac4\" data-id=\"c678ac4\" data-element_type=\"column\" data-e-type=\"column\">\n\t\t\t<div class=\"elementor-widget-wrap elementor-element-populated\">\n\t\t\t\t\t\t<div class=\"elementor-element elementor-element-c082627 elementor-widget elementor-widget-heading\" data-id=\"c082627\" data-element_type=\"widget\" data-e-type=\"widget\" data-widget_type=\"heading.default\">\n\t\t\t\t<div class=\"elementor-widget-container\">\n\t\t\t\t\t<h2 class=\"elementor-heading-title elementor-size-default\">Tutustu my\u00f6s muihin palveluihimme<\/h2>\t\t\t\t<\/div>\n\t\t\t\t<\/div>\n\t\t\t\t<section class=\"elementor-section elementor-inner-section elementor-element elementor-element-d2e7d70 elementor-section-boxed elementor-section-height-default elementor-section-height-default\" data-id=\"d2e7d70\" data-element_type=\"section\" data-e-type=\"section\">\n\t\t\t\t\t\t<div class=\"elementor-container elementor-column-gap-default\">\n\t\t\t\t\t<div class=\"elementor-column elementor-col-20 elementor-inner-column elementor-element elementor-element-cc542df\" data-id=\"cc542df\" data-element_type=\"column\" data-e-type=\"column\">\n\t\t\t<div class=\"elementor-widget-wrap elementor-element-populated\">\n\t\t\t\t\t\t<div class=\"elementor-element elementor-element-786da5d dce_masking-none elementor-position-top elementor-widget elementor-widget-image-box\" data-id=\"786da5d\" data-element_type=\"widget\" data-e-type=\"widget\" data-widget_type=\"image-box.default\">\n\t\t\t\t<div class=\"elementor-widget-container\">\n\t\t\t\t\t<div class=\"elementor-image-box-wrapper\"><figure class=\"elementor-image-box-img\"><a href=\"\/fi\/kuljetukset-eurooppaan\/\" tabindex=\"-1\"><img decoding=\"async\" width=\"347\" height=\"347\" src=\"https:\/\/rajamaki.info\/wp-content\/uploads\/2023\/04\/rajamaki_ikoni_maapallo.png\" class=\"attachment-full size-full wp-image-25\" alt=\"\" srcset=\"https:\/\/rajamaki.info\/wp-content\/uploads\/2023\/04\/rajamaki_ikoni_maapallo.png 347w, https:\/\/rajamaki.info\/wp-content\/uploads\/2023\/04\/rajamaki_ikoni_maapallo-300x300.png 300w, https:\/\/rajamaki.info\/wp-content\/uploads\/2023\/04\/rajamaki_ikoni_maapallo-150x150.png 150w\" sizes=\"(max-width: 347px) 100vw, 347px\" \/><\/a><\/figure><div class=\"elementor-image-box-content\"><h3 class=\"elementor-image-box-title\"><a href=\"\/fi\/kuljetukset-eurooppaan\/\">Ulkomaan kuljetukset<\/a><\/h3><\/div><\/div>\t\t\t\t<\/div>\n\t\t\t\t<\/div>\n\t\t\t\t\t<\/div>\n\t\t<\/div>\n\t\t\t\t<div class=\"elementor-column elementor-col-20 elementor-inner-column elementor-element elementor-element-a8308e8\" data-id=\"a8308e8\" data-element_type=\"column\" data-e-type=\"column\">\n\t\t\t<div class=\"elementor-widget-wrap elementor-element-populated\">\n\t\t\t\t\t\t<div class=\"elementor-element elementor-element-1c495c3 dce_masking-none elementor-position-top elementor-widget elementor-widget-image-box\" data-id=\"1c495c3\" data-element_type=\"widget\" data-e-type=\"widget\" data-widget_type=\"image-box.default\">\n\t\t\t\t<div class=\"elementor-widget-container\">\n\t\t\t\t\t<div class=\"elementor-image-box-wrapper\"><figure class=\"elementor-image-box-img\"><a href=\"\/fi\/lamposaadellyt-kuljetukset-eurooppaan\/\" tabindex=\"-1\"><img decoding=\"async\" width=\"347\" height=\"347\" src=\"https:\/\/rajamaki.info\/wp-content\/uploads\/2023\/04\/rajamaki_ikoni_hiutale.png\" class=\"attachment-full size-full wp-image-24\" alt=\"\" srcset=\"https:\/\/rajamaki.info\/wp-content\/uploads\/2023\/04\/rajamaki_ikoni_hiutale.png 347w, https:\/\/rajamaki.info\/wp-content\/uploads\/2023\/04\/rajamaki_ikoni_hiutale-300x300.png 300w, https:\/\/rajamaki.info\/wp-content\/uploads\/2023\/04\/rajamaki_ikoni_hiutale-150x150.png 150w\" sizes=\"(max-width: 347px) 100vw, 347px\" \/><\/a><\/figure><div class=\"elementor-image-box-content\"><h3 class=\"elementor-image-box-title\"><a href=\"\/fi\/lamposaadellyt-kuljetukset-eurooppaan\/\">L\u00e4mp\u00f6s\u00e4\u00e4dellyt kuljetukset<\/a><\/h3><\/div><\/div>\t\t\t\t<\/div>\n\t\t\t\t<\/div>\n\t\t\t\t\t<\/div>\n\t\t<\/div>\n\t\t\t\t<div class=\"elementor-column elementor-col-20 elementor-inner-column elementor-element elementor-element-318b1a9\" data-id=\"318b1a9\" data-element_type=\"column\" data-e-type=\"column\">\n\t\t\t<div class=\"elementor-widget-wrap elementor-element-populated\">\n\t\t\t\t\t\t<div class=\"elementor-element elementor-element-70384bc dce_masking-none elementor-position-top elementor-widget elementor-widget-image-box\" data-id=\"70384bc\" data-element_type=\"widget\" data-e-type=\"widget\" data-widget_type=\"image-box.default\">\n\t\t\t\t<div class=\"elementor-widget-container\">\n\t\t\t\t\t<div class=\"elementor-image-box-wrapper\"><figure class=\"elementor-image-box-img\"><a href=\"\/fi\/tapahtumalogistiikka\/\" tabindex=\"-1\"><img loading=\"lazy\" decoding=\"async\" width=\"439\" height=\"347\" src=\"https:\/\/rajamaki.info\/wp-content\/uploads\/2023\/04\/rajamaki_ikoni_rallilippu.png\" class=\"attachment-full size-full wp-image-27\" alt=\"\" srcset=\"https:\/\/rajamaki.info\/wp-content\/uploads\/2023\/04\/rajamaki_ikoni_rallilippu.png 439w, https:\/\/rajamaki.info\/wp-content\/uploads\/2023\/04\/rajamaki_ikoni_rallilippu-300x237.png 300w\" sizes=\"(max-width: 439px) 100vw, 439px\" \/><\/a><\/figure><div class=\"elementor-image-box-content\"><h3 class=\"elementor-image-box-title\"><a href=\"\/fi\/tapahtumalogistiikka\/\">Kilpailu- ja tapahtuma- kuljetukset<\/a><\/h3><\/div><\/div>\t\t\t\t<\/div>\n\t\t\t\t<\/div>\n\t\t\t\t\t<\/div>\n\t\t<\/div>\n\t\t\t\t<div class=\"elementor-column elementor-col-20 elementor-inner-column elementor-element elementor-element-cf137fd\" data-id=\"cf137fd\" data-element_type=\"column\" data-e-type=\"column\">\n\t\t\t<div class=\"elementor-widget-wrap elementor-element-populated\">\n\t\t\t\t\t\t<div class=\"elementor-element elementor-element-596279e dce_masking-none elementor-position-top elementor-widget elementor-widget-image-box\" data-id=\"596279e\" data-element_type=\"widget\" data-e-type=\"widget\" data-widget_type=\"image-box.default\">\n\t\t\t\t<div class=\"elementor-widget-container\">\n\t\t\t\t\t<div class=\"elementor-image-box-wrapper\"><figure class=\"elementor-image-box-img\"><a href=\"\/fi\/auton-ja-moottoripyoran-kuljetus-eurooppaan\/\" tabindex=\"-1\"><img loading=\"lazy\" decoding=\"async\" width=\"347\" height=\"347\" src=\"https:\/\/rajamaki.info\/wp-content\/uploads\/2023\/04\/rajamaki_ikoni_auto.png\" class=\"attachment-full size-full wp-image-23\" alt=\"\" srcset=\"https:\/\/rajamaki.info\/wp-content\/uploads\/2023\/04\/rajamaki_ikoni_auto.png 347w, https:\/\/rajamaki.info\/wp-content\/uploads\/2023\/04\/rajamaki_ikoni_auto-300x300.png 300w, https:\/\/rajamaki.info\/wp-content\/uploads\/2023\/04\/rajamaki_ikoni_auto-150x150.png 150w\" sizes=\"(max-width: 347px) 100vw, 347px\" \/><\/a><\/figure><div class=\"elementor-image-box-content\"><h3 class=\"elementor-image-box-title\"><a href=\"\/fi\/auton-ja-moottoripyoran-kuljetus-eurooppaan\/\">Auto- ja moottoripy\u00f6r\u00e4- kuljetukset<\/a><\/h3><\/div><\/div>\t\t\t\t<\/div>\n\t\t\t\t<\/div>\n\t\t\t\t\t<\/div>\n\t\t<\/div>\n\t\t\t\t<div class=\"elementor-column elementor-col-20 elementor-inner-column elementor-element elementor-element-7223ae1\" data-id=\"7223ae1\" data-element_type=\"column\" data-e-type=\"column\">\n\t\t\t<div class=\"elementor-widget-wrap elementor-element-populated\">\n\t\t\t\t\t\t<div class=\"elementor-element elementor-element-1fd9f16 dce_masking-none elementor-position-top elementor-widget elementor-widget-image-box\" data-id=\"1fd9f16\" data-element_type=\"widget\" data-e-type=\"widget\" data-widget_type=\"image-box.default\">\n\t\t\t\t<div class=\"elementor-widget-container\">\n\t\t\t\t\t<div class=\"elementor-image-box-wrapper\"><figure class=\"elementor-image-box-img\"><a href=\"\/fi\/muuttokuljetukset-espanjaan\/\" tabindex=\"-1\"><img loading=\"lazy\" decoding=\"async\" width=\"347\" height=\"347\" src=\"https:\/\/rajamaki.info\/wp-content\/uploads\/2023\/04\/rajamaki_ikoni_nokkakarryt.png\" class=\"attachment-full size-full wp-image-26\" alt=\"\" srcset=\"https:\/\/rajamaki.info\/wp-content\/uploads\/2023\/04\/rajamaki_ikoni_nokkakarryt.png 347w, https:\/\/rajamaki.info\/wp-content\/uploads\/2023\/04\/rajamaki_ikoni_nokkakarryt-300x300.png 300w, https:\/\/rajamaki.info\/wp-content\/uploads\/2023\/04\/rajamaki_ikoni_nokkakarryt-150x150.png 150w\" sizes=\"(max-width: 347px) 100vw, 347px\" \/><\/a><\/figure><div class=\"elementor-image-box-content\"><h3 class=\"elementor-image-box-title\"><a href=\"\/fi\/muuttokuljetukset-espanjaan\/\">Muutot<\/a><\/h3><\/div><\/div>\t\t\t\t<\/div>\n\t\t\t\t<\/div>\n\t\t\t\t\t<\/div>\n\t\t<\/div>\n\t\t\t\t\t<\/div>\n\t\t<\/section>\n\t\t\t\t\t<\/div>\n\t\t<\/div>\n\t\t\t\t\t<\/div>\n\t\t<\/section>\n\t\t\t\t<\/div>\n\t\t\t\t<\/div>\n\t\t\t\t\t\t<\/div>\n\t\t\t\t<\/div>\n\t\t\t\t\t<\/div>\n\t\t<\/div>\n\t\t\t\t\t<\/div>\n\t\t<\/section>\n\t\t\t\t<\/div>\n\t\t","protected":false},"excerpt":{"rendered":"<p>Kuljetukset Pohjoismaihin Kuljetukset Ruotsiin, Norjaan ja Tanskaan Kuljetamme s\u00e4\u00e4nn\u00f6llisesti Pohjoismaissa Ruotsiin, Norjaan ja Tanskaan. Kuljetuskalustomme ovat puoliper\u00e4vaunuyhdistelmi\u00e4, jotka t\u00e4ytt\u00e4v\u00e4t Euro 6 \u2013 p\u00e4\u00e4st\u00f6normit. Per\u00e4vaunumme ovat kaappi- tai sivuaukeavia vaunuja, joissa on GPS-seuranta. Oma yhteyshenkil\u00f6si varmistaa tavaravirrallesi sujuvan kuljetuksen kaikkialle Pohjoismaihin.<\/p>\n","protected":false},"author":1,"featured_media":0,"parent":0,"menu_order":0,"comment_status":"closed","ping_status":"closed","template":"","meta":{"footnotes":""},"class_list":["post-50","page","type-page","status-publish","hentry"],"_links":{"self":[{"href":"https:\/\/rajamaki.info\/fi\/wp-json\/wp\/v2\/pages\/50","targetHints":{"allow":["GET"]}}],"collection":[{"href":"https:\/\/rajamaki.info\/fi\/wp-json\/wp\/v2\/pages"}],"about":[{"href":"https:\/\/rajamaki.info\/fi\/wp-json\/wp\/v2\/types\/page"}],"author":[{"embeddable":true,"href":"https:\/\/rajamaki.info\/fi\/wp-json\/wp\/v2\/users\/1"}],"replies":[{"embeddable":true,"href":"https:\/\/rajamaki.info\/fi\/wp-json\/wp\/v2\/comments?post=50"}],"version-history":[{"count":40,"href":"https:\/\/rajamaki.info\/fi\/wp-json\/wp\/v2\/pages\/50\/revisions"}],"predecessor-version":[{"id":1402,"href":"https:\/\/rajamaki.info\/fi\/wp-json\/wp\/v2\/pages\/50\/revisions\/1402"}],"wp:attachment":[{"href":"https:\/\/rajamaki.info\/fi\/wp-json\/wp\/v2\/media?parent=50"}],"curies":[{"name":"wp","href":"https:\/\/api.w.org\/{rel}","templated":true}]}}