{"id":14,"date":"2023-04-07T00:25:37","date_gmt":"2023-04-06T21:25:37","guid":{"rendered":"https:\/\/rajamaki.boaz.zoner.dev\/?page_id=14"},"modified":"2023-05-31T17:54:45","modified_gmt":"2023-05-31T14:54:45","slug":"etusivu","status":"publish","type":"page","link":"https:\/\/rajamaki.info\/fi\/","title":{"rendered":"Etusivu"},"content":{"rendered":"\t\t<div data-elementor-type=\"wp-page\" data-elementor-id=\"14\" class=\"elementor elementor-14\" data-elementor-post-type=\"page\">\n\t\t\t\t\t\t<section data-dce-background-image-url=\"https:\/\/rajamaki.boaz.zoner.dev\/wp-content\/uploads\/2023\/04\/Ulkomaan-kuljetukset.png\" class=\"elementor-section elementor-top-section elementor-element elementor-element-4516b72 elementor-section-height-full elementor-section-items-top elementor-section-content-top elementor-section-boxed elementor-section-height-default\" data-id=\"4516b72\" data-element_type=\"section\" data-e-type=\"section\" data-settings=\"{&quot;background_background&quot;:&quot;classic&quot;}\">\n\t\t\t\t\t\t<div class=\"elementor-container elementor-column-gap-default\">\n\t\t\t\t\t<div class=\"elementor-column elementor-col-100 elementor-top-column elementor-element elementor-element-99037d4\" data-id=\"99037d4\" data-element_type=\"column\" data-e-type=\"column\">\n\t\t\t<div class=\"elementor-widget-wrap elementor-element-populated\">\n\t\t\t\t\t\t<div class=\"elementor-element elementor-element-06dc7aa elementor-widget__width-initial elementor-widget-tablet__width-initial elementor-widget elementor-widget-heading\" data-id=\"06dc7aa\" data-element_type=\"widget\" data-e-type=\"widget\" data-widget_type=\"heading.default\">\n\t\t\t\t<div class=\"elementor-widget-container\">\n\t\t\t\t\t<h1 class=\"elementor-heading-title elementor-size-default\">Ulkomaan kuljetukset kaikille\nPohjoismaiden ja Euroopan teille<\/h1>\t\t\t\t<\/div>\n\t\t\t\t<\/div>\n\t\t\t\t\t<\/div>\n\t\t<\/div>\n\t\t\t\t\t<\/div>\n\t\t<\/section>\n\t\t\t\t<section class=\"elementor-section elementor-top-section elementor-element elementor-element-7c1ddfe elementor-section-boxed elementor-section-height-default elementor-section-height-default\" data-id=\"7c1ddfe\" data-element_type=\"section\" data-e-type=\"section\" id=\"palvelut\" data-settings=\"{&quot;background_background&quot;:&quot;classic&quot;}\">\n\t\t\t\t\t\t<div class=\"elementor-container elementor-column-gap-default\">\n\t\t\t\t\t<div class=\"elementor-column elementor-col-100 elementor-top-column elementor-element elementor-element-5f84235\" data-id=\"5f84235\" data-element_type=\"column\" data-e-type=\"column\">\n\t\t\t<div class=\"elementor-widget-wrap elementor-element-populated\">\n\t\t\t\t\t\t<div class=\"elementor-element elementor-element-b23c5bb elementor-widget elementor-widget-heading\" data-id=\"b23c5bb\" data-element_type=\"widget\" data-e-type=\"widget\" data-widget_type=\"heading.default\">\n\t\t\t\t<div class=\"elementor-widget-container\">\n\t\t\t\t\t<h2 class=\"elementor-heading-title elementor-size-default\">Palvelut<\/h2>\t\t\t\t<\/div>\n\t\t\t\t<\/div>\n\t\t\t\t<section class=\"elementor-section elementor-inner-section elementor-element elementor-element-5b97144 elementor-section-boxed elementor-section-height-default elementor-section-height-default\" data-id=\"5b97144\" data-element_type=\"section\" data-e-type=\"section\">\n\t\t\t\t\t\t<div class=\"elementor-container elementor-column-gap-default\">\n\t\t\t\t\t<div class=\"elementor-column elementor-col-20 elementor-inner-column elementor-element elementor-element-afe6203\" data-id=\"afe6203\" data-element_type=\"column\" data-e-type=\"column\">\n\t\t\t<div class=\"elementor-widget-wrap elementor-element-populated\">\n\t\t\t\t\t\t<div class=\"elementor-element elementor-element-e9bc15f dce_masking-none elementor-position-top elementor-widget elementor-widget-image-box\" data-id=\"e9bc15f\" data-element_type=\"widget\" data-e-type=\"widget\" data-widget_type=\"image-box.default\">\n\t\t\t\t<div class=\"elementor-widget-container\">\n\t\t\t\t\t<div class=\"elementor-image-box-wrapper\"><figure class=\"elementor-image-box-img\"><a href=\"\/fi\/kuljetukset-eurooppaan\" tabindex=\"-1\"><img fetchpriority=\"high\" decoding=\"async\" width=\"347\" height=\"347\" src=\"https:\/\/rajamaki.info\/wp-content\/uploads\/2023\/04\/rajamaki_ikoni_maapallo.png\" class=\"attachment-full size-full wp-image-25\" alt=\"\" srcset=\"https:\/\/rajamaki.info\/wp-content\/uploads\/2023\/04\/rajamaki_ikoni_maapallo.png 347w, https:\/\/rajamaki.info\/wp-content\/uploads\/2023\/04\/rajamaki_ikoni_maapallo-300x300.png 300w, https:\/\/rajamaki.info\/wp-content\/uploads\/2023\/04\/rajamaki_ikoni_maapallo-150x150.png 150w\" sizes=\"(max-width: 347px) 100vw, 347px\" \/><\/a><\/figure><div class=\"elementor-image-box-content\"><h3 class=\"elementor-image-box-title\"><a href=\"\/fi\/kuljetukset-eurooppaan\">Ulkomaan kuljetukset<\/a><\/h3><\/div><\/div>\t\t\t\t<\/div>\n\t\t\t\t<\/div>\n\t\t\t\t\t<\/div>\n\t\t<\/div>\n\t\t\t\t<div class=\"elementor-column elementor-col-20 elementor-inner-column elementor-element elementor-element-c3e8002\" data-id=\"c3e8002\" data-element_type=\"column\" data-e-type=\"column\">\n\t\t\t<div class=\"elementor-widget-wrap elementor-element-populated\">\n\t\t\t\t\t\t<div class=\"elementor-element elementor-element-9eb05c5 dce_masking-none elementor-position-top elementor-widget elementor-widget-image-box\" data-id=\"9eb05c5\" data-element_type=\"widget\" data-e-type=\"widget\" data-widget_type=\"image-box.default\">\n\t\t\t\t<div class=\"elementor-widget-container\">\n\t\t\t\t\t<div class=\"elementor-image-box-wrapper\"><figure class=\"elementor-image-box-img\"><a href=\"\/fi\/lamposaadellyt-kuljetukset-eurooppaan\/\" tabindex=\"-1\"><img decoding=\"async\" width=\"347\" height=\"347\" src=\"https:\/\/rajamaki.info\/wp-content\/uploads\/2023\/04\/rajamaki_ikoni_hiutale.png\" class=\"attachment-full size-full wp-image-24\" alt=\"\" srcset=\"https:\/\/rajamaki.info\/wp-content\/uploads\/2023\/04\/rajamaki_ikoni_hiutale.png 347w, https:\/\/rajamaki.info\/wp-content\/uploads\/2023\/04\/rajamaki_ikoni_hiutale-300x300.png 300w, https:\/\/rajamaki.info\/wp-content\/uploads\/2023\/04\/rajamaki_ikoni_hiutale-150x150.png 150w\" sizes=\"(max-width: 347px) 100vw, 347px\" \/><\/a><\/figure><div class=\"elementor-image-box-content\"><h3 class=\"elementor-image-box-title\"><a href=\"\/fi\/lamposaadellyt-kuljetukset-eurooppaan\/\">L\u00e4mp\u00f6s\u00e4\u00e4dellyt kuljetukset<\/a><\/h3><\/div><\/div>\t\t\t\t<\/div>\n\t\t\t\t<\/div>\n\t\t\t\t\t<\/div>\n\t\t<\/div>\n\t\t\t\t<div class=\"elementor-column elementor-col-20 elementor-inner-column elementor-element elementor-element-9912600\" data-id=\"9912600\" data-element_type=\"column\" data-e-type=\"column\">\n\t\t\t<div class=\"elementor-widget-wrap elementor-element-populated\">\n\t\t\t\t\t\t<div class=\"elementor-element elementor-element-297dd65 dce_masking-none elementor-position-top elementor-widget elementor-widget-image-box\" data-id=\"297dd65\" data-element_type=\"widget\" data-e-type=\"widget\" data-widget_type=\"image-box.default\">\n\t\t\t\t<div class=\"elementor-widget-container\">\n\t\t\t\t\t<div class=\"elementor-image-box-wrapper\"><figure class=\"elementor-image-box-img\"><a href=\"\/fi\/tapahtumalogistiikka\/\" tabindex=\"-1\"><img decoding=\"async\" width=\"439\" height=\"347\" src=\"https:\/\/rajamaki.info\/wp-content\/uploads\/2023\/04\/rajamaki_ikoni_rallilippu.png\" class=\"attachment-full size-full wp-image-27\" alt=\"\" srcset=\"https:\/\/rajamaki.info\/wp-content\/uploads\/2023\/04\/rajamaki_ikoni_rallilippu.png 439w, https:\/\/rajamaki.info\/wp-content\/uploads\/2023\/04\/rajamaki_ikoni_rallilippu-300x237.png 300w\" sizes=\"(max-width: 439px) 100vw, 439px\" \/><\/a><\/figure><div class=\"elementor-image-box-content\"><h3 class=\"elementor-image-box-title\"><a href=\"\/fi\/tapahtumalogistiikka\/\">Kilpailu- ja tapahtuma- kuljetukset<\/a><\/h3><\/div><\/div>\t\t\t\t<\/div>\n\t\t\t\t<\/div>\n\t\t\t\t\t<\/div>\n\t\t<\/div>\n\t\t\t\t<div class=\"elementor-column elementor-col-20 elementor-inner-column elementor-element elementor-element-82a9364\" data-id=\"82a9364\" data-element_type=\"column\" data-e-type=\"column\">\n\t\t\t<div class=\"elementor-widget-wrap elementor-element-populated\">\n\t\t\t\t\t\t<div class=\"elementor-element elementor-element-cb559c1 dce_masking-none elementor-position-top elementor-widget elementor-widget-image-box\" data-id=\"cb559c1\" data-element_type=\"widget\" data-e-type=\"widget\" data-widget_type=\"image-box.default\">\n\t\t\t\t<div class=\"elementor-widget-container\">\n\t\t\t\t\t<div class=\"elementor-image-box-wrapper\"><figure class=\"elementor-image-box-img\"><a href=\"\/fi\/auton-ja-moottoripyoran-kuljetus-eurooppaan\/\" tabindex=\"-1\"><img loading=\"lazy\" decoding=\"async\" width=\"347\" height=\"347\" src=\"https:\/\/rajamaki.info\/wp-content\/uploads\/2023\/04\/rajamaki_ikoni_auto.png\" class=\"attachment-full size-full wp-image-23\" alt=\"\" srcset=\"https:\/\/rajamaki.info\/wp-content\/uploads\/2023\/04\/rajamaki_ikoni_auto.png 347w, https:\/\/rajamaki.info\/wp-content\/uploads\/2023\/04\/rajamaki_ikoni_auto-300x300.png 300w, https:\/\/rajamaki.info\/wp-content\/uploads\/2023\/04\/rajamaki_ikoni_auto-150x150.png 150w\" sizes=\"(max-width: 347px) 100vw, 347px\" \/><\/a><\/figure><div class=\"elementor-image-box-content\"><h3 class=\"elementor-image-box-title\"><a href=\"\/fi\/auton-ja-moottoripyoran-kuljetus-eurooppaan\/\">Auto- ja moottoripy\u00f6r\u00e4- kuljetukset<\/a><\/h3><\/div><\/div>\t\t\t\t<\/div>\n\t\t\t\t<\/div>\n\t\t\t\t\t<\/div>\n\t\t<\/div>\n\t\t\t\t<div class=\"elementor-column elementor-col-20 elementor-inner-column elementor-element elementor-element-f21d7bc\" data-id=\"f21d7bc\" data-element_type=\"column\" data-e-type=\"column\">\n\t\t\t<div class=\"elementor-widget-wrap elementor-element-populated\">\n\t\t\t\t\t\t<div class=\"elementor-element elementor-element-d866d81 dce_masking-none elementor-position-top elementor-widget elementor-widget-image-box\" data-id=\"d866d81\" data-element_type=\"widget\" data-e-type=\"widget\" data-widget_type=\"image-box.default\">\n\t\t\t\t<div class=\"elementor-widget-container\">\n\t\t\t\t\t<div class=\"elementor-image-box-wrapper\"><figure class=\"elementor-image-box-img\"><a href=\"\/fi\/muuttokuljetukset-espanjaan\/\" tabindex=\"-1\"><img loading=\"lazy\" decoding=\"async\" width=\"347\" height=\"347\" src=\"https:\/\/rajamaki.info\/wp-content\/uploads\/2023\/04\/rajamaki_ikoni_nokkakarryt.png\" class=\"attachment-full size-full wp-image-26\" alt=\"\" srcset=\"https:\/\/rajamaki.info\/wp-content\/uploads\/2023\/04\/rajamaki_ikoni_nokkakarryt.png 347w, https:\/\/rajamaki.info\/wp-content\/uploads\/2023\/04\/rajamaki_ikoni_nokkakarryt-300x300.png 300w, https:\/\/rajamaki.info\/wp-content\/uploads\/2023\/04\/rajamaki_ikoni_nokkakarryt-150x150.png 150w\" sizes=\"(max-width: 347px) 100vw, 347px\" \/><\/a><\/figure><div class=\"elementor-image-box-content\"><h3 class=\"elementor-image-box-title\"><a href=\"\/fi\/muuttokuljetukset-espanjaan\/\">Muutot<\/a><\/h3><\/div><\/div>\t\t\t\t<\/div>\n\t\t\t\t<\/div>\n\t\t\t\t\t<\/div>\n\t\t<\/div>\n\t\t\t\t\t<\/div>\n\t\t<\/section>\n\t\t\t\t\t<\/div>\n\t\t<\/div>\n\t\t\t\t\t<\/div>\n\t\t<\/section>\n\t\t\t\t<section class=\"elementor-section elementor-top-section elementor-element elementor-element-8ea88e0 elementor-section-boxed elementor-section-height-default elementor-section-height-default\" data-id=\"8ea88e0\" data-element_type=\"section\" data-e-type=\"section\" data-settings=\"{&quot;background_background&quot;:&quot;classic&quot;}\">\n\t\t\t\t\t\t<div class=\"elementor-container elementor-column-gap-default\">\n\t\t\t\t\t<div class=\"elementor-column elementor-col-100 elementor-top-column elementor-element elementor-element-bbc85b5\" data-id=\"bbc85b5\" data-element_type=\"column\" data-e-type=\"column\">\n\t\t\t<div class=\"elementor-widget-wrap elementor-element-populated\">\n\t\t\t\t\t\t<div class=\"elementor-element elementor-element-7e8b163 elementor-widget elementor-widget-heading\" data-id=\"7e8b163\" data-element_type=\"widget\" data-e-type=\"widget\" data-widget_type=\"heading.default\">\n\t\t\t\t<div class=\"elementor-widget-container\">\n\t\t\t\t\t<h2 class=\"elementor-heading-title elementor-size-default\">International Transport Ismo Rajam\u00e4ki kuljettaa Pohjoismaissa ja muualla Euroopassa kymmenien miljoonien kilometrien kokemuksella\n<\/h2>\t\t\t\t<\/div>\n\t\t\t\t<\/div>\n\t\t\t\t<section class=\"elementor-section elementor-inner-section elementor-element elementor-element-5a180a9 elementor-reverse-tablet elementor-reverse-mobile elementor-section-boxed elementor-section-height-default elementor-section-height-default\" data-id=\"5a180a9\" data-element_type=\"section\" data-e-type=\"section\">\n\t\t\t\t\t\t<div class=\"elementor-container elementor-column-gap-default\">\n\t\t\t\t\t<div class=\"elementor-column elementor-col-50 elementor-inner-column elementor-element elementor-element-c76a63e\" data-id=\"c76a63e\" data-element_type=\"column\" data-e-type=\"column\">\n\t\t\t<div class=\"elementor-widget-wrap elementor-element-populated\">\n\t\t\t\t\t\t<div class=\"elementor-element elementor-element-df48bdc elementor-widget__width-initial elementor-widget-tablet__width-initial elementor-widget elementor-widget-text-editor\" data-id=\"df48bdc\" data-element_type=\"widget\" data-e-type=\"widget\" data-widget_type=\"text-editor.default\">\n\t\t\t\t<div class=\"elementor-widget-container\">\n\t\t\t\t\t\t\t\t\t<p>Tarjoamme laadukkaita ja joustavia ulkomaan kuljetuspalveluita l\u00e4hes 30 vuoden kokemuksella Suomesta Pohjoismaihin sek\u00e4 Keski- ja Etel\u00e4-Eurooppaan kuluttaja- ja yritysasiakkaille. Kuljetamme vakaalla ammattitaidolla ja moderneilla puoliper\u00e4vaunuyhdistelmill\u00e4 kappaletavaraa ja l\u00e4mp\u00f6s\u00e4\u00e4deltyj\u00e4 kuormia kaikkialle Eurooppaan sek\u00e4 muuttokuormia, autoja ja moottoripy\u00f6ri\u00e4 Espanjaan. Meill\u00e4 on my\u00f6s vakaa kokemus tapahtumalogistiikasta, sill\u00e4 olemme vuosien saatossa huolehtineet useiden urheilu- ja viihdetapahtumien sek\u00e4 messujen logistiikasta.<\/p>\t\t\t\t\t\t\t\t<\/div>\n\t\t\t\t<\/div>\n\t\t\t\t<div class=\"elementor-element elementor-element-1a3eeed elementor-widget elementor-widget-button\" data-id=\"1a3eeed\" data-element_type=\"widget\" data-e-type=\"widget\" data-widget_type=\"button.default\">\n\t\t\t\t<div class=\"elementor-widget-container\">\n\t\t\t\t\t\t\t\t\t<div class=\"elementor-button-wrapper\">\n\t\t\t\t\t<a class=\"elementor-button elementor-button-link elementor-size-sm\" href=\"\/fi\/meista\/\">\n\t\t\t\t\t\t<span class=\"elementor-button-content-wrapper\">\n\t\t\t\t\t\t\t\t\t<span class=\"elementor-button-text\">Lue lis\u00e4\u00e4<\/span>\n\t\t\t\t\t<\/span>\n\t\t\t\t\t<\/a>\n\t\t\t\t<\/div>\n\t\t\t\t\t\t\t\t<\/div>\n\t\t\t\t<\/div>\n\t\t\t\t\t<\/div>\n\t\t<\/div>\n\t\t\t\t<div class=\"elementor-column elementor-col-50 elementor-inner-column elementor-element elementor-element-ab8a017\" data-id=\"ab8a017\" data-element_type=\"column\" data-e-type=\"column\">\n\t\t\t<div class=\"elementor-widget-wrap elementor-element-populated\">\n\t\t\t\t\t\t<div class=\"elementor-element elementor-element-f016839 dce_masking-none elementor-widget elementor-widget-image\" data-id=\"f016839\" data-element_type=\"widget\" data-e-type=\"widget\" data-widget_type=\"image.default\">\n\t\t\t\t<div class=\"elementor-widget-container\">\n\t\t\t\t\t\t\t\t\t\t\t\t\t\t\t<img loading=\"lazy\" decoding=\"async\" width=\"800\" height=\"600\" src=\"https:\/\/rajamaki.info\/wp-content\/uploads\/2023\/04\/Ismo_Rajamaki_International_Transport-1024x768.jpeg\" class=\"attachment-large size-large wp-image-299\" alt=\"Kaksi puoliper\u00e4vaunuyhdistelm\u00e4\u00e4 talvisella pihalla\" srcset=\"https:\/\/rajamaki.info\/wp-content\/uploads\/2023\/04\/Ismo_Rajamaki_International_Transport-1024x768.jpeg 1024w, https:\/\/rajamaki.info\/wp-content\/uploads\/2023\/04\/Ismo_Rajamaki_International_Transport-300x225.jpeg 300w, https:\/\/rajamaki.info\/wp-content\/uploads\/2023\/04\/Ismo_Rajamaki_International_Transport-768x576.jpeg 768w, https:\/\/rajamaki.info\/wp-content\/uploads\/2023\/04\/Ismo_Rajamaki_International_Transport-1536x1152.jpeg 1536w, https:\/\/rajamaki.info\/wp-content\/uploads\/2023\/04\/Ismo_Rajamaki_International_Transport-2048x1536.jpeg 2048w\" sizes=\"(max-width: 800px) 100vw, 800px\" \/>\t\t\t\t\t\t\t\t\t\t\t\t\t\t\t<\/div>\n\t\t\t\t<\/div>\n\t\t\t\t\t<\/div>\n\t\t<\/div>\n\t\t\t\t\t<\/div>\n\t\t<\/section>\n\t\t\t\t\t<\/div>\n\t\t<\/div>\n\t\t\t\t\t<\/div>\n\t\t<\/section>\n\t\t\t\t<section data-dce-background-image-url=\"https:\/\/rajamaki.boaz.zoner.dev\/wp-content\/uploads\/2023\/04\/Kuljetukset_Pohjoismaissa_ja_Euroopassa-scaled.jpeg\" class=\"elementor-section elementor-top-section elementor-element elementor-element-b6d9f44 elementor-section-height-min-height elementor-section-boxed elementor-section-height-default elementor-section-items-middle\" data-id=\"b6d9f44\" data-element_type=\"section\" data-e-type=\"section\" data-settings=\"{&quot;background_background&quot;:&quot;classic&quot;}\">\n\t\t\t\t\t\t<div class=\"elementor-container elementor-column-gap-default\">\n\t\t\t\t\t<div data-dce-background-color=\"#183650B3\" class=\"elementor-column elementor-col-100 elementor-top-column elementor-element elementor-element-a80f929\" data-id=\"a80f929\" data-element_type=\"column\" data-e-type=\"column\" data-settings=\"{&quot;background_background&quot;:&quot;classic&quot;}\">\n\t\t\t<div class=\"elementor-widget-wrap elementor-element-populated\">\n\t\t\t\t\t\t<div class=\"elementor-element elementor-element-88384b6 elementor-widget elementor-widget-heading\" data-id=\"88384b6\" data-element_type=\"widget\" data-e-type=\"widget\" data-widget_type=\"heading.default\">\n\t\t\t\t<div class=\"elementor-widget-container\">\n\t\t\t\t\t<h2 class=\"elementor-heading-title elementor-size-default\"><a href=\"\/fi\/avoimet-tyopaikat\">AVOIMET TY\u00d6PAIKAT<br>\nHypp\u00e4\u00e4 meid\u00e4n kyytiin!<br><\/a><\/h2>\t\t\t\t<\/div>\n\t\t\t\t<\/div>\n\t\t\t\t<div class=\"elementor-element elementor-element-e5de4e9 elementor-widget elementor-widget-heading\" data-id=\"e5de4e9\" data-element_type=\"widget\" data-e-type=\"widget\" data-widget_type=\"heading.default\">\n\t\t\t\t<div class=\"elementor-widget-container\">\n\t\t\t\t\t<h2 class=\"elementor-heading-title elementor-size-default\"><a href=\"\/fi\/avoimet-tyopaikat\">Hae meille t\u00f6ihin -&gt;<\/a><\/h2>\t\t\t\t<\/div>\n\t\t\t\t<\/div>\n\t\t\t\t\t<\/div>\n\t\t<\/div>\n\t\t\t\t\t<\/div>\n\t\t<\/section>\n\t\t\t\t<section class=\"elementor-section elementor-top-section elementor-element elementor-element-3894171 elementor-section-boxed elementor-section-height-default elementor-section-height-default\" data-id=\"3894171\" data-element_type=\"section\" data-e-type=\"section\">\n\t\t\t\t\t\t<div class=\"elementor-container elementor-column-gap-default\">\n\t\t\t\t\t<div class=\"elementor-column elementor-col-50 elementor-top-column elementor-element elementor-element-964fff1\" data-id=\"964fff1\" data-element_type=\"column\" data-e-type=\"column\">\n\t\t\t<div class=\"elementor-widget-wrap elementor-element-populated\">\n\t\t\t\t\t\t<div class=\"elementor-element elementor-element-1988304 elementor-widget elementor-widget-heading\" data-id=\"1988304\" data-element_type=\"widget\" data-e-type=\"widget\" data-widget_type=\"heading.default\">\n\t\t\t\t<div class=\"elementor-widget-container\">\n\t\t\t\t\t<h2 class=\"elementor-heading-title elementor-size-default\">Meill\u00e4 on yhteys<br>kaikkialle Pohjois-<br>maihin ja Eurooppaan<\/h2>\t\t\t\t<\/div>\n\t\t\t\t<\/div>\n\t\t\t\t<div class=\"elementor-element elementor-element-4e89615 elementor-widget elementor-widget-heading\" data-id=\"4e89615\" data-element_type=\"widget\" data-e-type=\"widget\" data-widget_type=\"heading.default\">\n\t\t\t\t<div class=\"elementor-widget-container\">\n\t\t\t\t\t<h4 class=\"elementor-heading-title elementor-size-default\">J\u00e4t\u00e4 meille yhteydenottopyynt\u00f6, niin kerromme ulkomaan kuljetuksistamme lis\u00e4\u00e4!<\/h4>\t\t\t\t<\/div>\n\t\t\t\t<\/div>\n\t\t\t\t\t<\/div>\n\t\t<\/div>\n\t\t\t\t<div class=\"elementor-column elementor-col-50 elementor-top-column elementor-element elementor-element-c242e2c\" data-id=\"c242e2c\" data-element_type=\"column\" data-e-type=\"column\">\n\t\t\t<div class=\"elementor-widget-wrap elementor-element-populated\">\n\t\t\t\t\t\t<div class=\"elementor-element elementor-element-bdf8679 elementor-button-align-stretch elementor-widget elementor-widget-form\" data-id=\"bdf8679\" data-element_type=\"widget\" data-e-type=\"widget\" data-settings=\"{&quot;step_next_label&quot;:&quot;Next&quot;,&quot;step_previous_label&quot;:&quot;Previous&quot;,&quot;button_width&quot;:&quot;25&quot;,&quot;dce_confirm_dialog_enabled&quot;:&quot;no&quot;,&quot;step_type&quot;:&quot;number_text&quot;,&quot;step_icon_shape&quot;:&quot;circle&quot;,&quot;label_icon_size&quot;:{&quot;unit&quot;:&quot;px&quot;,&quot;size&quot;:&quot;&quot;,&quot;sizes&quot;:[]},&quot;field_icon_size&quot;:{&quot;unit&quot;:&quot;px&quot;,&quot;size&quot;:&quot;&quot;,&quot;sizes&quot;:[]}}\" data-widget_type=\"form.default\">\n\t\t\t\t<div class=\"elementor-widget-container\">\n\t\t\t\t\t\t\t<form class=\"elementor-form\" method=\"post\" name=\"Yhteydenotto\" aria-label=\"Yhteydenotto\">\n\t\t\t<input type=\"hidden\" name=\"post_id\" value=\"14\"\/>\n\t\t\t<input type=\"hidden\" name=\"form_id\" value=\"bdf8679\"\/>\n\t\t\t<input type=\"hidden\" name=\"referer_title\" value=\"Ulkomaan kuljetukset - International Transport Ismo Rajam\u00e4ki\" \/>\n\n\t\t\t\t\t\t\t<input type=\"hidden\" name=\"queried_id\" value=\"14\"\/>\n\t\t\t\n\t\t\t<div class=\"elementor-form-fields-wrapper elementor-labels-\">\n\t\t\t\t\t\t\t\t<div class=\"elementor-field-type-text elementor-field-group elementor-column elementor-field-group-niimi elementor-col-100 elementor-field-required\">\n\t\t\t\t\t\t\t\t\t\t\t\t<label for=\"form-field-niimi\" class=\"elementor-field-label elementor-screen-only\">\n\t\t\t\t\t\t\t\tNimi\t\t\t\t\t\t\t<\/label>\n\t\t\t\t\t\t\t\t\t\t\t\t\t\t<input size=\"1\" type=\"text\" name=\"form_fields[niimi]\" id=\"form-field-niimi\" class=\"elementor-field elementor-size-sm  elementor-field-textual\" placeholder=\"Nimi\" required=\"required\">\n\t\t\t\t\t\t\t\t\t\t\t<\/div>\n\t\t\t\t\t\t\t\t<div class=\"elementor-field-type-email elementor-field-group elementor-column elementor-field-group-sahkoposti elementor-col-100 elementor-field-required\">\n\t\t\t\t\t\t\t\t\t\t\t\t<label for=\"form-field-sahkoposti\" class=\"elementor-field-label elementor-screen-only\">\n\t\t\t\t\t\t\t\tS\u00e4hk\u00f6posti\t\t\t\t\t\t\t<\/label>\n\t\t\t\t\t\t\t\t\t\t\t\t\t\t<input size=\"1\" type=\"email\" name=\"form_fields[sahkoposti]\" id=\"form-field-sahkoposti\" class=\"elementor-field elementor-size-sm  elementor-field-textual\" placeholder=\"S\u00e4hk\u00f6posti\" required=\"required\">\n\t\t\t\t\t\t\t\t\t\t\t<\/div>\n\t\t\t\t\t\t\t\t<div class=\"elementor-field-type-tel elementor-field-group elementor-column elementor-field-group-puhelinnumero elementor-col-100 elementor-field-required\">\n\t\t\t\t\t\t\t\t\t\t\t\t<label for=\"form-field-puhelinnumero\" class=\"elementor-field-label elementor-screen-only\">\n\t\t\t\t\t\t\t\tPuh.\t\t\t\t\t\t\t<\/label>\n\t\t\t\t\t\t\t\t<input size=\"1\" type=\"tel\" name=\"form_fields[puhelinnumero]\" id=\"form-field-puhelinnumero\" class=\"elementor-field elementor-size-sm  elementor-field-textual\" placeholder=\"Puh.\" required=\"required\" pattern=\"[0-9()#&amp;+*-=.]+\" title=\"Only numbers and phone characters (#, -, *, etc) are accepted.\">\n\n\t\t\t\t\t\t<\/div>\n\t\t\t\t\t\t\t\t<div class=\"elementor-field-type-textarea elementor-field-group elementor-column elementor-field-group-viesti elementor-col-100\">\n\t\t\t\t\t\t\t\t\t\t\t\t<label for=\"form-field-viesti\" class=\"elementor-field-label elementor-screen-only\">\n\t\t\t\t\t\t\t\tViesti\t\t\t\t\t\t\t<\/label>\n\t\t\t\t\t\t<textarea class=\"elementor-field-textual elementor-field  elementor-size-sm\" name=\"form_fields[viesti]\" id=\"form-field-viesti\" rows=\"4\" placeholder=\"Viesti\"><\/textarea>\t\t\t\t<\/div>\n\t\t\t\t\t\t\t\t<div class=\"elementor-field-type-recaptcha_v3 elementor-field-group elementor-column elementor-field-group-field_be986f9 elementor-col-100 recaptcha_v3-bottomright\">\n\t\t\t\t\t<div class=\"elementor-field\" id=\"form-field-field_be986f9\"><div class=\"elementor-g-recaptcha\" data-sitekey=\"6LciZNklAAAAAF_DzZrfD-_k4Fw7xL0JuSEA7GB0\" data-type=\"v3\" data-action=\"Form\" data-badge=\"bottomright\" data-size=\"invisible\"><\/div><\/div>\t\t\t\t<\/div>\n\t\t\t\t\t\t\t\t<div class=\"elementor-field-group elementor-column elementor-field-type-submit elementor-col-25 e-form__buttons\">\n\t\t\t\t\t<button class=\"elementor-button elementor-size-sm\" type=\"submit\">\n\t\t\t\t\t\t<span class=\"elementor-button-content-wrapper\">\n\t\t\t\t\t\t\t\t\t\t\t\t\t\t\t\t\t\t\t\t\t\t<span class=\"elementor-button-text\">L\u00e4het\u00e4<\/span>\n\t\t\t\t\t\t\t\t\t\t\t\t\t<\/span>\n\t\t\t\t\t<\/button>\n\t\t\t\t<\/div>\n\t\t\t<\/div>\n\t\t<\/form>\n\t\t\t\t\t\t<\/div>\n\t\t\t\t<\/div>\n\t\t\t\t\t<\/div>\n\t\t<\/div>\n\t\t\t\t\t<\/div>\n\t\t<\/section>\n\t\t\t\t<\/div>\n\t\t","protected":false},"excerpt":{"rendered":"<p>Ulkomaan kuljetukset kaikille Pohjoismaiden ja Euroopan teille Palvelut Ulkomaan kuljetukset L\u00e4mp\u00f6s\u00e4\u00e4dellyt kuljetukset Kilpailu- ja tapahtuma- kuljetukset Auto- ja moottoripy\u00f6r\u00e4- kuljetukset Muutot International Transport Ismo Rajam\u00e4ki kuljettaa Pohjoismaissa ja muualla Euroopassa kymmenien miljoonien kilometrien kokemuksella Tarjoamme laadukkaita ja joustavia ulkomaan kuljetuspalveluita l\u00e4hes 30 vuoden kokemuksella Suomesta Pohjoismaihin sek\u00e4 Keski- ja Etel\u00e4-Eurooppaan kuluttaja- ja yritysasiakkaille. Kuljetamme vakaalla [&hellip;]<\/p>\n","protected":false},"author":1,"featured_media":0,"parent":0,"menu_order":0,"comment_status":"closed","ping_status":"closed","template":"","meta":{"footnotes":""},"class_list":["post-14","page","type-page","status-publish","hentry"],"_links":{"self":[{"href":"https:\/\/rajamaki.info\/fi\/wp-json\/wp\/v2\/pages\/14","targetHints":{"allow":["GET"]}}],"collection":[{"href":"https:\/\/rajamaki.info\/fi\/wp-json\/wp\/v2\/pages"}],"about":[{"href":"https:\/\/rajamaki.info\/fi\/wp-json\/wp\/v2\/types\/page"}],"author":[{"embeddable":true,"href":"https:\/\/rajamaki.info\/fi\/wp-json\/wp\/v2\/users\/1"}],"replies":[{"embeddable":true,"href":"https:\/\/rajamaki.info\/fi\/wp-json\/wp\/v2\/comments?post=14"}],"version-history":[{"count":106,"href":"https:\/\/rajamaki.info\/fi\/wp-json\/wp\/v2\/pages\/14\/revisions"}],"predecessor-version":[{"id":1175,"href":"https:\/\/rajamaki.info\/fi\/wp-json\/wp\/v2\/pages\/14\/revisions\/1175"}],"wp:attachment":[{"href":"https:\/\/rajamaki.info\/fi\/wp-json\/wp\/v2\/media?parent=14"}],"curies":[{"name":"wp","href":"https:\/\/api.w.org\/{rel}","templated":true}]}}