{"id":1074,"date":"2023-04-07T20:00:27","date_gmt":"2023-04-07T17:00:27","guid":{"rendered":"https:\/\/rajamaki.boaz.zoner.dev\/?page_id=1074"},"modified":"2025-12-31T20:17:23","modified_gmt":"2025-12-31T18:17:23","slug":"kontaktteave","status":"publish","type":"page","link":"https:\/\/rajamaki.info\/et\/kontaktteave\/","title":{"rendered":"Kontaktteave"},"content":{"rendered":"\t\t<div data-elementor-type=\"wp-page\" data-elementor-id=\"1074\" class=\"elementor elementor-1074 elementor-63\" data-elementor-post-type=\"page\">\n\t\t\t\t\t\t<section data-dce-background-image-url=\"https:\/\/rajamaki.info\/wp-content\/uploads\/2025\/11\/5-scaled.jpeg\" class=\"elementor-section elementor-top-section elementor-element elementor-element-bfc2d39 elementor-section-height-min-height elementor-section-boxed elementor-section-height-default elementor-section-items-middle\" data-id=\"bfc2d39\" data-element_type=\"section\" data-e-type=\"section\" data-settings=\"{&quot;background_background&quot;:&quot;classic&quot;}\">\n\t\t\t\t\t\t<div class=\"elementor-container elementor-column-gap-default\">\n\t\t\t\t\t<div class=\"elementor-column elementor-col-100 elementor-top-column elementor-element elementor-element-49f6336\" data-id=\"49f6336\" data-element_type=\"column\" data-e-type=\"column\">\n\t\t\t<div class=\"elementor-widget-wrap\">\n\t\t\t\t\t\t\t<\/div>\n\t\t<\/div>\n\t\t\t\t\t<\/div>\n\t\t<\/section>\n\t\t\t\t<section class=\"elementor-section elementor-top-section elementor-element elementor-element-9c590b4 elementor-section-boxed elementor-section-height-default elementor-section-height-default\" data-id=\"9c590b4\" data-element_type=\"section\" data-e-type=\"section\" data-settings=\"{&quot;background_background&quot;:&quot;classic&quot;}\">\n\t\t\t\t\t\t<div class=\"elementor-container elementor-column-gap-default\">\n\t\t\t\t\t<div class=\"elementor-column elementor-col-100 elementor-top-column elementor-element elementor-element-9376a83\" data-id=\"9376a83\" data-element_type=\"column\" data-e-type=\"column\">\n\t\t\t<div class=\"elementor-widget-wrap elementor-element-populated\">\n\t\t\t\t\t\t<div class=\"elementor-element elementor-element-a6794e2 elementor-widget elementor-widget-heading\" data-id=\"a6794e2\" data-element_type=\"widget\" data-e-type=\"widget\" data-widget_type=\"heading.default\">\n\t\t\t\t<div class=\"elementor-widget-container\">\n\t\t\t\t\t<h1 class=\"elementor-heading-title elementor-size-default\">Meil on \u00fchendused k\u00f5ikjale P\u00f5hjamaadesse ja Euroopasse.<\/h1>\t\t\t\t<\/div>\n\t\t\t\t<\/div>\n\t\t\t\t<div class=\"elementor-element elementor-element-9454d8c elementor-widget elementor-widget-heading\" data-id=\"9454d8c\" data-element_type=\"widget\" data-e-type=\"widget\" data-widget_type=\"heading.default\">\n\t\t\t\t<div class=\"elementor-widget-container\">\n\t\t\t\t\t<h4 class=\"elementor-heading-title elementor-size-default\">Vajate oma kaubavoole usaldusv\u00e4\u00e4rset ja professionaalset transporti kuhu iganes P\u00f5hjamaades v\u00f5i Euroopas?<\/h4>\t\t\t\t<\/div>\n\t\t\t\t<\/div>\n\t\t\t\t<div class=\"elementor-element elementor-element-d5bd49b elementor-widget__width-initial elementor-widget elementor-widget-text-editor\" data-id=\"d5bd49b\" data-element_type=\"widget\" data-e-type=\"widget\" data-widget_type=\"text-editor.default\">\n\t\t\t\t<div class=\"elementor-widget-container\">\n\t\t\t\t\t\t\t\t\tV\u00f5tke meiega \u00fchendust ja planeerime teile v\u00f5i teie ettev\u00f5ttele t\u00f5husa ja teie vajadustele vastava transpordi. Teie kontaktisik on teie jaoks olemas ja hoolitseb teie veose transpordi eest sihtkohta.\t\t\t\t\t\t\t\t<\/div>\n\t\t\t\t<\/div>\n\t\t\t\t<section class=\"elementor-section elementor-inner-section elementor-element elementor-element-0d6e478 elementor-section-boxed elementor-section-height-default elementor-section-height-default\" data-id=\"0d6e478\" data-element_type=\"section\" data-e-type=\"section\">\n\t\t\t\t\t\t<div class=\"elementor-container elementor-column-gap-default\">\n\t\t\t\t\t<div class=\"elementor-column elementor-col-50 elementor-inner-column elementor-element elementor-element-b78388e\" data-id=\"b78388e\" data-element_type=\"column\" data-e-type=\"column\">\n\t\t\t<div class=\"elementor-widget-wrap elementor-element-populated\">\n\t\t\t\t\t\t<div class=\"elementor-element elementor-element-e4c4609 elementor-widget elementor-widget-heading\" data-id=\"e4c4609\" data-element_type=\"widget\" data-e-type=\"widget\" data-widget_type=\"heading.default\">\n\t\t\t\t<div class=\"elementor-widget-container\">\n\t\t\t\t\t<h2 class=\"elementor-heading-title elementor-size-default\">EESTI<\/h2>\t\t\t\t<\/div>\n\t\t\t\t<\/div>\n\t\t\t\t<div class=\"elementor-element elementor-element-cbacd69 elementor-widget elementor-widget-text-editor\" data-id=\"cbacd69\" data-element_type=\"widget\" data-e-type=\"widget\" data-widget_type=\"text-editor.default\">\n\t\t\t\t<div class=\"elementor-widget-container\">\n\t\t\t\t\t\t\t\t\t<p>International Transport Ismo Rajam\u00e4ki<br \/>Uus-Volta tn 10\/2-2, 10416 Tallinn<\/p><p>Terminal: Taevav\u00e4rava tee 6B 28, Lehmja<\/p><p>KMKR number: EE101725394<br \/>\u00c4riregistri kood:12589529<\/p><p>Klienditeenindus esmasp\u00e4evast reedeni 8.00-17.00<\/p><p><a href=\"tel:+37258860581\">+372 5886 0581<\/a><br \/><a href=\"mailto:ismo.rajamaki@rajamaki.info\">ismo.rajamaki@rajamaki.info<\/a><\/p><p>Konto number:<br \/>SEB Pank AS: EE771010220232259224<br \/>SWIFT: EEUHEE2X<\/p><p>AS LHV Pank: EE697700771010571146\u00a0 \u00a0 \u00a0 \u00a0 \u00a0 \u00a0 \u00a0 \u00a0 \u00a0 \u00a0 \u00a0 \u00a0 \u00a0 \u00a0 \u00a0 SWIFT: LHVBEE22<\/p>\t\t\t\t\t\t\t\t<\/div>\n\t\t\t\t<\/div>\n\t\t\t\t\t<\/div>\n\t\t<\/div>\n\t\t\t\t<div class=\"elementor-column elementor-col-50 elementor-inner-column elementor-element elementor-element-30215aa\" data-id=\"30215aa\" data-element_type=\"column\" data-e-type=\"column\">\n\t\t\t<div class=\"elementor-widget-wrap elementor-element-populated\">\n\t\t\t\t\t\t<div class=\"elementor-element elementor-element-d357c8f elementor-widget elementor-widget-heading\" data-id=\"d357c8f\" data-element_type=\"widget\" data-e-type=\"widget\" data-widget_type=\"heading.default\">\n\t\t\t\t<div class=\"elementor-widget-container\">\n\t\t\t\t\t<h2 class=\"elementor-heading-title elementor-size-default\">ROOTSI<\/h2>\t\t\t\t<\/div>\n\t\t\t\t<\/div>\n\t\t\t\t<div class=\"elementor-element elementor-element-82297e3 elementor-widget elementor-widget-text-editor\" data-id=\"82297e3\" data-element_type=\"widget\" data-e-type=\"widget\" data-widget_type=\"text-editor.default\">\n\t\t\t\t<div class=\"elementor-widget-container\">\n\t\t\t\t\t\t\t\t\t<p>\u00c5keri Ismo Rajam\u00e4ki AB<br>BOX 24103, 10451 Stockholm<br>SVERIGE<\/p>\n<p>K\u00fclastusaadress: Morabergsv\u00e4gen 39, 152 42 S\u00f6dert\u00e4lje<\/p>\n<p>KMKR number: SE559126499801<br>\u00c4riregistri kood: 559126-4998<\/p>\n<p>Klienditeenindus esmasp\u00e4evast reedeni 8.00-17.00<\/p>\n<p><a href=\"tel:+46748404846\">+46 74 840 48 46<\/a><br><a href=\"mailto:ismo.rajamaki@rajamaki.info\">ismo.rajamaki@rajamaki.info<\/a><\/p>\n<p>Konto number:<br>IBAN: SE36 5000 0000 0525 5105 6306<br>BIC : ESSESESS<\/p>\n<p>BankGiro 251-1822<\/p>\t\t\t\t\t\t\t\t<\/div>\n\t\t\t\t<\/div>\n\t\t\t\t\t<\/div>\n\t\t<\/div>\n\t\t\t\t\t<\/div>\n\t\t<\/section>\n\t\t\t\t\t<\/div>\n\t\t<\/div>\n\t\t\t\t\t<\/div>\n\t\t<\/section>\n\t\t\t\t<\/div>\n\t\t","protected":false},"excerpt":{"rendered":"<p>Meil on \u00fchendused k\u00f5ikjale P\u00f5hjamaadesse ja Euroopasse. Vajate oma kaubavoole usaldusv\u00e4\u00e4rset ja professionaalset transporti kuhu iganes P\u00f5hjamaades v\u00f5i Euroopas? V\u00f5tke meiega \u00fchendust ja planeerime teile v\u00f5i teie ettev\u00f5ttele t\u00f5husa ja teie vajadustele vastava transpordi. Teie kontaktisik on teie jaoks olemas ja hoolitseb teie veose transpordi eest sihtkohta. EESTI International Transport Ismo Rajam\u00e4kiUus-Volta tn 10\/2-2, 10416 [&hellip;]<\/p>\n","protected":false},"author":1,"featured_media":0,"parent":0,"menu_order":0,"comment_status":"closed","ping_status":"closed","template":"","meta":{"footnotes":""},"class_list":["post-1074","page","type-page","status-publish","hentry"],"_links":{"self":[{"href":"https:\/\/rajamaki.info\/et\/wp-json\/wp\/v2\/pages\/1074","targetHints":{"allow":["GET"]}}],"collection":[{"href":"https:\/\/rajamaki.info\/et\/wp-json\/wp\/v2\/pages"}],"about":[{"href":"https:\/\/rajamaki.info\/et\/wp-json\/wp\/v2\/types\/page"}],"author":[{"embeddable":true,"href":"https:\/\/rajamaki.info\/et\/wp-json\/wp\/v2\/users\/1"}],"replies":[{"embeddable":true,"href":"https:\/\/rajamaki.info\/et\/wp-json\/wp\/v2\/comments?post=1074"}],"version-history":[{"count":40,"href":"https:\/\/rajamaki.info\/et\/wp-json\/wp\/v2\/pages\/1074\/revisions"}],"predecessor-version":[{"id":1415,"href":"https:\/\/rajamaki.info\/et\/wp-json\/wp\/v2\/pages\/1074\/revisions\/1415"}],"wp:attachment":[{"href":"https:\/\/rajamaki.info\/et\/wp-json\/wp\/v2\/media?parent=1074"}],"curies":[{"name":"wp","href":"https:\/\/api.w.org\/{rel}","templated":true}]}}