{"id":1054,"date":"2023-04-07T19:59:04","date_gmt":"2023-04-07T16:59:04","guid":{"rendered":"https:\/\/rajamaki.boaz.zoner.dev\/?page_id=1054"},"modified":"2023-04-26T19:09:28","modified_gmt":"2023-04-26T16:09:28","slug":"sundmustarvikute-logistika","status":"publish","type":"page","link":"https:\/\/rajamaki.info\/et\/sundmustarvikute-logistika\/","title":{"rendered":"S\u00fcndmustarvikute logistika"},"content":{"rendered":"\t\t<div data-elementor-type=\"wp-page\" data-elementor-id=\"1054\" class=\"elementor elementor-1054 elementor-55\" data-elementor-post-type=\"page\">\n\t\t\t\t\t\t<section data-dce-background-image-url=\"https:\/\/rajamaki.boaz.zoner.dev\/wp-content\/uploads\/2023\/04\/Tapahtumalogistiikka-scaled.jpeg\" class=\"elementor-section elementor-top-section elementor-element elementor-element-37e69ce elementor-section-height-min-height elementor-section-boxed elementor-section-height-default elementor-section-items-middle\" data-id=\"37e69ce\" data-element_type=\"section\" data-e-type=\"section\" data-settings=\"{&quot;background_background&quot;:&quot;classic&quot;}\">\n\t\t\t\t\t\t<div class=\"elementor-container elementor-column-gap-default\">\n\t\t\t\t\t<div class=\"elementor-column elementor-col-100 elementor-top-column elementor-element elementor-element-86625e7\" data-id=\"86625e7\" data-element_type=\"column\" data-e-type=\"column\">\n\t\t\t<div class=\"elementor-widget-wrap\">\n\t\t\t\t\t\t\t<\/div>\n\t\t<\/div>\n\t\t\t\t\t<\/div>\n\t\t<\/section>\n\t\t\t\t<section class=\"elementor-section elementor-top-section elementor-element elementor-element-8f588d4 elementor-section-boxed elementor-section-height-default elementor-section-height-default\" data-id=\"8f588d4\" data-element_type=\"section\" data-e-type=\"section\" data-settings=\"{&quot;background_background&quot;:&quot;classic&quot;}\">\n\t\t\t\t\t\t<div class=\"elementor-container elementor-column-gap-default\">\n\t\t\t\t\t<div class=\"elementor-column elementor-col-50 elementor-top-column elementor-element elementor-element-1113b8b\" data-id=\"1113b8b\" data-element_type=\"column\" data-e-type=\"column\">\n\t\t\t<div class=\"elementor-widget-wrap elementor-element-populated\">\n\t\t\t\t\t\t<div class=\"elementor-element elementor-element-a5b1f48 elementor-widget elementor-widget-heading\" data-id=\"a5b1f48\" data-element_type=\"widget\" data-e-type=\"widget\" data-widget_type=\"heading.default\">\n\t\t\t\t<div class=\"elementor-widget-container\">\n\t\t\t\t\t<h1 class=\"elementor-heading-title elementor-size-default\">S\u00fcndmustarvikute logistika<\/h1>\t\t\t\t<\/div>\n\t\t\t\t<\/div>\n\t\t\t\t<div class=\"elementor-element elementor-element-2ceab2b elementor-widget__width-initial elementor-widget-tablet__width-initial elementor-widget elementor-widget-heading\" data-id=\"2ceab2b\" data-element_type=\"widget\" data-e-type=\"widget\" data-widget_type=\"heading.default\">\n\t\t\t\t<div class=\"elementor-widget-container\">\n\t\t\t\t\t<h4 class=\"elementor-heading-title elementor-size-default\">Messieksponaatide ja s\u00fcndmustarvikute transport Euroopasse<\/h4>\t\t\t\t<\/div>\n\t\t\t\t<\/div>\n\t\t\t\t<div class=\"elementor-element elementor-element-0ac6d3b elementor-widget__width-initial elementor-widget-mobile__width-initial elementor-widget elementor-widget-text-editor\" data-id=\"0ac6d3b\" data-element_type=\"widget\" data-e-type=\"widget\" data-widget_type=\"text-editor.default\">\n\t\t\t\t<div class=\"elementor-widget-container\">\n\t\t\t\t\t\t\t\t\tS\u00fcndmused toimuvad vaid korra, mist\u00f5ttu peab k\u00f5ik alati esimese korraga \u00f5nnestuma. S\u00fcndmustarvikute logistika ei ole selles osas mingi erand. Aastate jooksul oleme transportinud erinevatele Euroopas toimunud s\u00fcndmustele nii v\u00f5idus\u00f5iduautosid, mitmesuguseid tarvikuid kui ka helitehnikat ja toitlustusinventari. Olgu see siis \u00fcksik s\u00fcndmus v\u00f5i terve ringreis, MM-ralli, mess v\u00f5i suur kontsert, meie kogenud t\u00f6\u00f6tajad tegelevad teie veosega p\u00fchendunult ja paindlikult.\t\t\t\t\t\t\t\t<\/div>\n\t\t\t\t<\/div>\n\t\t\t\t\t<\/div>\n\t\t<\/div>\n\t\t\t\t<div class=\"elementor-column elementor-col-50 elementor-top-column elementor-element elementor-element-3af36be\" data-id=\"3af36be\" data-element_type=\"column\" data-e-type=\"column\">\n\t\t\t<div class=\"elementor-widget-wrap elementor-element-populated\">\n\t\t\t\t\t\t<div class=\"elementor-element elementor-element-dd5e8fc dce_masking-none elementor-widget elementor-widget-image\" data-id=\"dd5e8fc\" data-element_type=\"widget\" data-e-type=\"widget\" data-widget_type=\"image.default\">\n\t\t\t\t<div class=\"elementor-widget-container\">\n\t\t\t\t\t\t\t\t\t\t\t\t\t\t\t<img fetchpriority=\"high\" decoding=\"async\" width=\"800\" height=\"600\" src=\"https:\/\/rajamaki.info\/wp-content\/uploads\/2023\/04\/Ott_Tanak_WRC_2019.jpeg\" class=\"attachment-large size-large wp-image-439\" alt=\"\" srcset=\"https:\/\/rajamaki.info\/wp-content\/uploads\/2023\/04\/Ott_Tanak_WRC_2019.jpeg 1024w, https:\/\/rajamaki.info\/wp-content\/uploads\/2023\/04\/Ott_Tanak_WRC_2019-300x225.jpeg 300w, https:\/\/rajamaki.info\/wp-content\/uploads\/2023\/04\/Ott_Tanak_WRC_2019-768x576.jpeg 768w\" sizes=\"(max-width: 800px) 100vw, 800px\" \/>\t\t\t\t\t\t\t\t\t\t\t\t\t\t\t<\/div>\n\t\t\t\t<\/div>\n\t\t\t\t\t<\/div>\n\t\t<\/div>\n\t\t\t\t\t<\/div>\n\t\t<\/section>\n\t\t\t\t<section class=\"elementor-section elementor-top-section elementor-element elementor-element-2cb662f elementor-section-boxed elementor-section-height-default elementor-section-height-default\" data-id=\"2cb662f\" data-element_type=\"section\" data-e-type=\"section\" data-settings=\"{&quot;background_background&quot;:&quot;classic&quot;}\">\n\t\t\t\t\t\t<div class=\"elementor-container elementor-column-gap-default\">\n\t\t\t\t\t<div class=\"elementor-column elementor-col-100 elementor-top-column elementor-element elementor-element-7128a87\" data-id=\"7128a87\" data-element_type=\"column\" data-e-type=\"column\">\n\t\t\t<div class=\"elementor-widget-wrap elementor-element-populated\">\n\t\t\t\t\t\t<div class=\"elementor-element elementor-element-c12d8c8 elementor-widget elementor-widget-template\" data-id=\"c12d8c8\" data-element_type=\"widget\" data-e-type=\"widget\" data-widget_type=\"template.default\">\n\t\t\t\t<div class=\"elementor-widget-container\">\n\t\t\t\t\t\t\t<div class=\"elementor-template\">\n\t\t\t\t\t<div data-elementor-type=\"section\" data-elementor-id=\"1026\" class=\"elementor elementor-1026 elementor-88 elementor-88\" data-elementor-post-type=\"elementor_library\">\n\t\t\t\t\t<section class=\"elementor-section elementor-top-section elementor-element elementor-element-6d732ce elementor-section-boxed elementor-section-height-default elementor-section-height-default\" data-id=\"6d732ce\" data-element_type=\"section\" data-e-type=\"section\" id=\"palvelut\" data-settings=\"{&quot;background_background&quot;:&quot;classic&quot;}\">\n\t\t\t\t\t\t<div class=\"elementor-container elementor-column-gap-default\">\n\t\t\t\t\t<div class=\"elementor-column elementor-col-100 elementor-top-column elementor-element elementor-element-25d257b\" data-id=\"25d257b\" data-element_type=\"column\" data-e-type=\"column\">\n\t\t\t<div class=\"elementor-widget-wrap elementor-element-populated\">\n\t\t\t\t\t\t<div class=\"elementor-element elementor-element-0631c9a elementor-widget elementor-widget-heading\" data-id=\"0631c9a\" data-element_type=\"widget\" data-e-type=\"widget\" data-widget_type=\"heading.default\">\n\t\t\t\t<div class=\"elementor-widget-container\">\n\t\t\t\t\t<h2 class=\"elementor-heading-title elementor-size-default\">Tutvu ka meie teiste teenustega<\/h2>\t\t\t\t<\/div>\n\t\t\t\t<\/div>\n\t\t\t\t<section class=\"elementor-section elementor-inner-section elementor-element elementor-element-172b69f elementor-section-boxed elementor-section-height-default elementor-section-height-default\" data-id=\"172b69f\" data-element_type=\"section\" data-e-type=\"section\">\n\t\t\t\t\t\t<div class=\"elementor-container elementor-column-gap-default\">\n\t\t\t\t\t<div class=\"elementor-column elementor-col-20 elementor-inner-column elementor-element elementor-element-e9db1af\" data-id=\"e9db1af\" data-element_type=\"column\" data-e-type=\"column\">\n\t\t\t<div class=\"elementor-widget-wrap elementor-element-populated\">\n\t\t\t\t\t\t<div class=\"elementor-element elementor-element-d26d346 dce_masking-none elementor-position-top elementor-widget elementor-widget-image-box\" data-id=\"d26d346\" data-element_type=\"widget\" data-e-type=\"widget\" data-widget_type=\"image-box.default\">\n\t\t\t\t<div class=\"elementor-widget-container\">\n\t\t\t\t\t<div class=\"elementor-image-box-wrapper\"><figure class=\"elementor-image-box-img\"><a href=\"\/et\/transport-euroopasse\" tabindex=\"-1\"><img decoding=\"async\" width=\"347\" height=\"347\" src=\"https:\/\/rajamaki.info\/wp-content\/uploads\/2023\/04\/rajamaki_ikoni_maapallo.png\" class=\"attachment-full size-full wp-image-361\" alt=\"\" srcset=\"https:\/\/rajamaki.info\/wp-content\/uploads\/2023\/04\/rajamaki_ikoni_maapallo.png 347w, https:\/\/rajamaki.info\/wp-content\/uploads\/2023\/04\/rajamaki_ikoni_maapallo-300x300.png 300w, https:\/\/rajamaki.info\/wp-content\/uploads\/2023\/04\/rajamaki_ikoni_maapallo-150x150.png 150w\" sizes=\"(max-width: 347px) 100vw, 347px\" \/><\/a><\/figure><div class=\"elementor-image-box-content\"><h3 class=\"elementor-image-box-title\"><a href=\"\/et\/transport-euroopasse\">Transport Euroopasse<\/a><\/h3><\/div><\/div>\t\t\t\t<\/div>\n\t\t\t\t<\/div>\n\t\t\t\t\t<\/div>\n\t\t<\/div>\n\t\t\t\t<div class=\"elementor-column elementor-col-20 elementor-inner-column elementor-element elementor-element-74396d5\" data-id=\"74396d5\" data-element_type=\"column\" data-e-type=\"column\">\n\t\t\t<div class=\"elementor-widget-wrap elementor-element-populated\">\n\t\t\t\t\t\t<div class=\"elementor-element elementor-element-ceae4ad dce_masking-none elementor-position-top elementor-widget elementor-widget-image-box\" data-id=\"ceae4ad\" data-element_type=\"widget\" data-e-type=\"widget\" data-widget_type=\"image-box.default\">\n\t\t\t\t<div class=\"elementor-widget-container\">\n\t\t\t\t\t<div class=\"elementor-image-box-wrapper\"><figure class=\"elementor-image-box-img\"><a href=\"\/et\/kulmtransport-euroopasse\" tabindex=\"-1\"><img decoding=\"async\" width=\"347\" height=\"347\" src=\"https:\/\/rajamaki.info\/wp-content\/uploads\/2023\/04\/rajamaki_ikoni_hiutale.png\" class=\"attachment-full size-full wp-image-358\" alt=\"\" srcset=\"https:\/\/rajamaki.info\/wp-content\/uploads\/2023\/04\/rajamaki_ikoni_hiutale.png 347w, https:\/\/rajamaki.info\/wp-content\/uploads\/2023\/04\/rajamaki_ikoni_hiutale-300x300.png 300w, https:\/\/rajamaki.info\/wp-content\/uploads\/2023\/04\/rajamaki_ikoni_hiutale-150x150.png 150w\" sizes=\"(max-width: 347px) 100vw, 347px\" \/><\/a><\/figure><div class=\"elementor-image-box-content\"><h3 class=\"elementor-image-box-title\"><a href=\"\/et\/kulmtransport-euroopasse\">K\u00fclmtransport Euroopasse<\/a><\/h3><\/div><\/div>\t\t\t\t<\/div>\n\t\t\t\t<\/div>\n\t\t\t\t\t<\/div>\n\t\t<\/div>\n\t\t\t\t<div class=\"elementor-column elementor-col-20 elementor-inner-column elementor-element elementor-element-4c6ccf0\" data-id=\"4c6ccf0\" data-element_type=\"column\" data-e-type=\"column\">\n\t\t\t<div class=\"elementor-widget-wrap elementor-element-populated\">\n\t\t\t\t\t\t<div class=\"elementor-element elementor-element-3594d0f dce_masking-none elementor-position-top elementor-widget elementor-widget-image-box\" data-id=\"3594d0f\" data-element_type=\"widget\" data-e-type=\"widget\" data-widget_type=\"image-box.default\">\n\t\t\t\t<div class=\"elementor-widget-container\">\n\t\t\t\t\t<div class=\"elementor-image-box-wrapper\"><figure class=\"elementor-image-box-img\"><a href=\"\/et\/sundmustarvikute-logistika\" tabindex=\"-1\"><img loading=\"lazy\" decoding=\"async\" width=\"439\" height=\"347\" src=\"https:\/\/rajamaki.info\/wp-content\/uploads\/2023\/04\/rajamaki_ikoni_rallilippu.png\" class=\"attachment-full size-full wp-image-367\" alt=\"\" srcset=\"https:\/\/rajamaki.info\/wp-content\/uploads\/2023\/04\/rajamaki_ikoni_rallilippu.png 439w, https:\/\/rajamaki.info\/wp-content\/uploads\/2023\/04\/rajamaki_ikoni_rallilippu-300x237.png 300w\" sizes=\"(max-width: 439px) 100vw, 439px\" \/><\/a><\/figure><div class=\"elementor-image-box-content\"><h3 class=\"elementor-image-box-title\"><a href=\"\/et\/sundmustarvikute-logistika\">S\u00fcndmustarvikute logistika<\/a><\/h3><\/div><\/div>\t\t\t\t<\/div>\n\t\t\t\t<\/div>\n\t\t\t\t\t<\/div>\n\t\t<\/div>\n\t\t\t\t<div class=\"elementor-column elementor-col-20 elementor-inner-column elementor-element elementor-element-631d5c6\" data-id=\"631d5c6\" data-element_type=\"column\" data-e-type=\"column\">\n\t\t\t<div class=\"elementor-widget-wrap elementor-element-populated\">\n\t\t\t\t\t\t<div class=\"elementor-element elementor-element-ac3bb36 dce_masking-none elementor-position-top elementor-widget elementor-widget-image-box\" data-id=\"ac3bb36\" data-element_type=\"widget\" data-e-type=\"widget\" data-widget_type=\"image-box.default\">\n\t\t\t\t<div class=\"elementor-widget-container\">\n\t\t\t\t\t<div class=\"elementor-image-box-wrapper\"><figure class=\"elementor-image-box-img\"><a href=\"\/et\/auto-ja-mootorratta-transport-euroopasse\" tabindex=\"-1\"><img loading=\"lazy\" decoding=\"async\" width=\"347\" height=\"347\" src=\"https:\/\/rajamaki.info\/wp-content\/uploads\/2023\/04\/rajamaki_ikoni_auto.png\" class=\"attachment-full size-full wp-image-355\" alt=\"\" srcset=\"https:\/\/rajamaki.info\/wp-content\/uploads\/2023\/04\/rajamaki_ikoni_auto.png 347w, https:\/\/rajamaki.info\/wp-content\/uploads\/2023\/04\/rajamaki_ikoni_auto-300x300.png 300w, https:\/\/rajamaki.info\/wp-content\/uploads\/2023\/04\/rajamaki_ikoni_auto-150x150.png 150w\" sizes=\"(max-width: 347px) 100vw, 347px\" \/><\/a><\/figure><div class=\"elementor-image-box-content\"><h3 class=\"elementor-image-box-title\"><a href=\"\/et\/auto-ja-mootorratta-transport-euroopasse\">Auto ja mootorratta transport Euroopasse<\/a><\/h3><\/div><\/div>\t\t\t\t<\/div>\n\t\t\t\t<\/div>\n\t\t\t\t\t<\/div>\n\t\t<\/div>\n\t\t\t\t<div class=\"elementor-column elementor-col-20 elementor-inner-column elementor-element elementor-element-b835982\" data-id=\"b835982\" data-element_type=\"column\" data-e-type=\"column\">\n\t\t\t<div class=\"elementor-widget-wrap elementor-element-populated\">\n\t\t\t\t\t\t<div class=\"elementor-element elementor-element-d710a60 dce_masking-none elementor-position-top elementor-widget elementor-widget-image-box\" data-id=\"d710a60\" data-element_type=\"widget\" data-e-type=\"widget\" data-widget_type=\"image-box.default\">\n\t\t\t\t<div class=\"elementor-widget-container\">\n\t\t\t\t\t<div class=\"elementor-image-box-wrapper\"><figure class=\"elementor-image-box-img\"><a href=\"\/et\/kolimisveod-hispaaniasse\" tabindex=\"-1\"><img loading=\"lazy\" decoding=\"async\" width=\"347\" height=\"347\" src=\"https:\/\/rajamaki.info\/wp-content\/uploads\/2023\/04\/rajamaki_ikoni_nokkakarryt.png\" class=\"attachment-full size-full wp-image-364\" alt=\"\" srcset=\"https:\/\/rajamaki.info\/wp-content\/uploads\/2023\/04\/rajamaki_ikoni_nokkakarryt.png 347w, https:\/\/rajamaki.info\/wp-content\/uploads\/2023\/04\/rajamaki_ikoni_nokkakarryt-300x300.png 300w, https:\/\/rajamaki.info\/wp-content\/uploads\/2023\/04\/rajamaki_ikoni_nokkakarryt-150x150.png 150w\" sizes=\"(max-width: 347px) 100vw, 347px\" \/><\/a><\/figure><div class=\"elementor-image-box-content\"><h3 class=\"elementor-image-box-title\"><a href=\"\/et\/kolimisveod-hispaaniasse\">Kolimisveod Hispaaniasse<\/a><\/h3><\/div><\/div>\t\t\t\t<\/div>\n\t\t\t\t<\/div>\n\t\t\t\t\t<\/div>\n\t\t<\/div>\n\t\t\t\t\t<\/div>\n\t\t<\/section>\n\t\t\t\t\t<\/div>\n\t\t<\/div>\n\t\t\t\t\t<\/div>\n\t\t<\/section>\n\t\t\t\t<\/div>\n\t\t\t\t<\/div>\n\t\t\t\t\t\t<\/div>\n\t\t\t\t<\/div>\n\t\t\t\t\t<\/div>\n\t\t<\/div>\n\t\t\t\t\t<\/div>\n\t\t<\/section>\n\t\t\t\t<\/div>\n\t\t","protected":false},"excerpt":{"rendered":"<p>S\u00fcndmustarvikute logistika Messieksponaatide ja s\u00fcndmustarvikute transport Euroopasse S\u00fcndmused toimuvad vaid korra, mist\u00f5ttu peab k\u00f5ik alati esimese korraga \u00f5nnestuma. S\u00fcndmustarvikute logistika ei ole selles osas mingi erand. Aastate jooksul oleme transportinud erinevatele Euroopas toimunud s\u00fcndmustele nii v\u00f5idus\u00f5iduautosid, mitmesuguseid tarvikuid kui ka helitehnikat ja toitlustusinventari. Olgu see siis \u00fcksik s\u00fcndmus v\u00f5i terve ringreis, MM-ralli, mess v\u00f5i suur [&hellip;]<\/p>\n","protected":false},"author":1,"featured_media":0,"parent":0,"menu_order":0,"comment_status":"closed","ping_status":"closed","template":"","meta":{"footnotes":""},"class_list":["post-1054","page","type-page","status-publish","hentry"],"_links":{"self":[{"href":"https:\/\/rajamaki.info\/et\/wp-json\/wp\/v2\/pages\/1054","targetHints":{"allow":["GET"]}}],"collection":[{"href":"https:\/\/rajamaki.info\/et\/wp-json\/wp\/v2\/pages"}],"about":[{"href":"https:\/\/rajamaki.info\/et\/wp-json\/wp\/v2\/types\/page"}],"author":[{"embeddable":true,"href":"https:\/\/rajamaki.info\/et\/wp-json\/wp\/v2\/users\/1"}],"replies":[{"embeddable":true,"href":"https:\/\/rajamaki.info\/et\/wp-json\/wp\/v2\/comments?post=1054"}],"version-history":[{"count":4,"href":"https:\/\/rajamaki.info\/et\/wp-json\/wp\/v2\/pages\/1054\/revisions"}],"predecessor-version":[{"id":1058,"href":"https:\/\/rajamaki.info\/et\/wp-json\/wp\/v2\/pages\/1054\/revisions\/1058"}],"wp:attachment":[{"href":"https:\/\/rajamaki.info\/et\/wp-json\/wp\/v2\/media?parent=1054"}],"curies":[{"name":"wp","href":"https:\/\/api.w.org\/{rel}","templated":true}]}}