{"id":1044,"date":"2023-04-07T19:57:45","date_gmt":"2023-04-07T16:57:45","guid":{"rendered":"https:\/\/rajamaki.boaz.zoner.dev\/?page_id=1044"},"modified":"2025-11-10T12:43:50","modified_gmt":"2025-11-10T10:43:50","slug":"transport-pohjamaadesse","status":"publish","type":"page","link":"https:\/\/rajamaki.info\/et\/transport-pohjamaadesse\/","title":{"rendered":"Transport P\u00f5hjamaadesse"},"content":{"rendered":"\t\t<div data-elementor-type=\"wp-page\" data-elementor-id=\"1044\" class=\"elementor elementor-1044 elementor-50\" data-elementor-post-type=\"page\">\n\t\t\t\t\t\t<section data-dce-background-image-url=\"https:\/\/rajamaki.info\/wp-content\/uploads\/2025\/11\/IMG_5561-scaled.jpg\" class=\"elementor-section elementor-top-section elementor-element elementor-element-1a93fae elementor-section-height-min-height elementor-section-boxed elementor-section-height-default elementor-section-items-middle\" data-id=\"1a93fae\" data-element_type=\"section\" data-e-type=\"section\" data-settings=\"{&quot;background_background&quot;:&quot;classic&quot;}\">\n\t\t\t\t\t\t<div class=\"elementor-container elementor-column-gap-default\">\n\t\t\t\t\t<div class=\"elementor-column elementor-col-100 elementor-top-column elementor-element elementor-element-7c2172f\" data-id=\"7c2172f\" data-element_type=\"column\" data-e-type=\"column\">\n\t\t\t<div class=\"elementor-widget-wrap\">\n\t\t\t\t\t\t\t<\/div>\n\t\t<\/div>\n\t\t\t\t\t<\/div>\n\t\t<\/section>\n\t\t\t\t<section class=\"elementor-section elementor-top-section elementor-element elementor-element-eab25cd elementor-section-boxed elementor-section-height-default elementor-section-height-default\" data-id=\"eab25cd\" data-element_type=\"section\" data-e-type=\"section\" data-settings=\"{&quot;background_background&quot;:&quot;classic&quot;}\">\n\t\t\t\t\t\t<div class=\"elementor-container elementor-column-gap-default\">\n\t\t\t\t\t<div class=\"elementor-column elementor-col-50 elementor-top-column elementor-element elementor-element-009609e\" data-id=\"009609e\" data-element_type=\"column\" data-e-type=\"column\">\n\t\t\t<div class=\"elementor-widget-wrap elementor-element-populated\">\n\t\t\t\t\t\t<div class=\"elementor-element elementor-element-c3d0473 elementor-widget elementor-widget-heading\" data-id=\"c3d0473\" data-element_type=\"widget\" data-e-type=\"widget\" data-widget_type=\"heading.default\">\n\t\t\t\t<div class=\"elementor-widget-container\">\n\t\t\t\t\t<h1 class=\"elementor-heading-title elementor-size-default\">Transport P\u00f5hjamaadesse<\/h1>\t\t\t\t<\/div>\n\t\t\t\t<\/div>\n\t\t\t\t<div class=\"elementor-element elementor-element-b945ffb elementor-widget__width-initial elementor-widget-tablet__width-initial elementor-widget elementor-widget-heading\" data-id=\"b945ffb\" data-element_type=\"widget\" data-e-type=\"widget\" data-widget_type=\"heading.default\">\n\t\t\t\t<div class=\"elementor-widget-container\">\n\t\t\t\t\t<h4 class=\"elementor-heading-title elementor-size-default\">Transport Rootsi, Norrasse ja Taani<\/h4>\t\t\t\t<\/div>\n\t\t\t\t<\/div>\n\t\t\t\t<div class=\"elementor-element elementor-element-cafe94d elementor-widget__width-initial elementor-widget-mobile__width-initial elementor-widget elementor-widget-text-editor\" data-id=\"cafe94d\" data-element_type=\"widget\" data-e-type=\"widget\" data-widget_type=\"text-editor.default\">\n\t\t\t\t<div class=\"elementor-widget-container\">\n\t\t\t\t\t\t\t\t\tP\u00f5hjamaadest teostame regulaarvedusid Rootsi, Norrasse ja Taani. Meie transpordipark koosneb Euro 6 heitmestandardile vastavatest poolhaagiste kombinatsioonidest. Kasutame GPS-j\u00e4lgimisega furgoon- v\u00f5i k\u00fcljelt avatavad haagised. Teie personaalne kontaktisik tagab teie kaubavoogude sujuva transpordi k\u00f5ikides P\u00f5hjamaades.\t\t\t\t\t\t\t\t<\/div>\n\t\t\t\t<\/div>\n\t\t\t\t\t<\/div>\n\t\t<\/div>\n\t\t\t\t<div class=\"elementor-column elementor-col-50 elementor-top-column elementor-element elementor-element-ef73ff3\" data-id=\"ef73ff3\" data-element_type=\"column\" data-e-type=\"column\">\n\t\t\t<div class=\"elementor-widget-wrap elementor-element-populated\">\n\t\t\t\t\t\t<div class=\"elementor-element elementor-element-bbb1602 dce_masking-none elementor-widget elementor-widget-image\" data-id=\"bbb1602\" data-element_type=\"widget\" data-e-type=\"widget\" data-widget_type=\"image.default\">\n\t\t\t\t<div class=\"elementor-widget-container\">\n\t\t\t\t\t\t\t\t\t\t\t\t\t\t\t<img fetchpriority=\"high\" decoding=\"async\" width=\"800\" height=\"600\" src=\"https:\/\/rajamaki.info\/wp-content\/uploads\/2023\/05\/transport-pohjamaadesse-01-1024x768.jpeg\" class=\"attachment-large size-large wp-image-1144\" alt=\"transport pohjamaadesse\" srcset=\"https:\/\/rajamaki.info\/wp-content\/uploads\/2023\/05\/transport-pohjamaadesse-01-1024x768.jpeg 1024w, https:\/\/rajamaki.info\/wp-content\/uploads\/2023\/05\/transport-pohjamaadesse-01-300x225.jpeg 300w, https:\/\/rajamaki.info\/wp-content\/uploads\/2023\/05\/transport-pohjamaadesse-01-768x576.jpeg 768w, https:\/\/rajamaki.info\/wp-content\/uploads\/2023\/05\/transport-pohjamaadesse-01-1536x1152.jpeg 1536w, https:\/\/rajamaki.info\/wp-content\/uploads\/2023\/05\/transport-pohjamaadesse-01-2048x1536.jpeg 2048w\" sizes=\"(max-width: 800px) 100vw, 800px\" \/>\t\t\t\t\t\t\t\t\t\t\t\t\t\t\t<\/div>\n\t\t\t\t<\/div>\n\t\t\t\t\t<\/div>\n\t\t<\/div>\n\t\t\t\t\t<\/div>\n\t\t<\/section>\n\t\t\t\t<section class=\"elementor-section elementor-top-section elementor-element elementor-element-7013150 elementor-section-boxed elementor-section-height-default elementor-section-height-default\" data-id=\"7013150\" data-element_type=\"section\" data-e-type=\"section\" data-settings=\"{&quot;background_background&quot;:&quot;classic&quot;}\">\n\t\t\t\t\t\t<div class=\"elementor-container elementor-column-gap-default\">\n\t\t\t\t\t<div class=\"elementor-column elementor-col-100 elementor-top-column elementor-element elementor-element-be2ee2b\" data-id=\"be2ee2b\" data-element_type=\"column\" data-e-type=\"column\">\n\t\t\t<div class=\"elementor-widget-wrap elementor-element-populated\">\n\t\t\t\t\t\t<div class=\"elementor-element elementor-element-cea7eff elementor-widget elementor-widget-template\" data-id=\"cea7eff\" data-element_type=\"widget\" data-e-type=\"widget\" data-widget_type=\"template.default\">\n\t\t\t\t<div class=\"elementor-widget-container\">\n\t\t\t\t\t\t\t<div class=\"elementor-template\">\n\t\t\t\t\t<div data-elementor-type=\"section\" data-elementor-id=\"1026\" class=\"elementor elementor-1026 elementor-88 elementor-88\" data-elementor-post-type=\"elementor_library\">\n\t\t\t\t\t<section class=\"elementor-section elementor-top-section elementor-element elementor-element-6d732ce elementor-section-boxed elementor-section-height-default elementor-section-height-default\" data-id=\"6d732ce\" data-element_type=\"section\" data-e-type=\"section\" id=\"palvelut\" data-settings=\"{&quot;background_background&quot;:&quot;classic&quot;}\">\n\t\t\t\t\t\t<div class=\"elementor-container elementor-column-gap-default\">\n\t\t\t\t\t<div class=\"elementor-column elementor-col-100 elementor-top-column elementor-element elementor-element-25d257b\" data-id=\"25d257b\" data-element_type=\"column\" data-e-type=\"column\">\n\t\t\t<div class=\"elementor-widget-wrap elementor-element-populated\">\n\t\t\t\t\t\t<div class=\"elementor-element elementor-element-0631c9a elementor-widget elementor-widget-heading\" data-id=\"0631c9a\" data-element_type=\"widget\" data-e-type=\"widget\" data-widget_type=\"heading.default\">\n\t\t\t\t<div class=\"elementor-widget-container\">\n\t\t\t\t\t<h2 class=\"elementor-heading-title elementor-size-default\">Tutvu ka meie teiste teenustega<\/h2>\t\t\t\t<\/div>\n\t\t\t\t<\/div>\n\t\t\t\t<section class=\"elementor-section elementor-inner-section elementor-element elementor-element-172b69f elementor-section-boxed elementor-section-height-default elementor-section-height-default\" data-id=\"172b69f\" data-element_type=\"section\" data-e-type=\"section\">\n\t\t\t\t\t\t<div class=\"elementor-container elementor-column-gap-default\">\n\t\t\t\t\t<div class=\"elementor-column elementor-col-20 elementor-inner-column elementor-element elementor-element-e9db1af\" data-id=\"e9db1af\" data-element_type=\"column\" data-e-type=\"column\">\n\t\t\t<div class=\"elementor-widget-wrap elementor-element-populated\">\n\t\t\t\t\t\t<div class=\"elementor-element elementor-element-d26d346 dce_masking-none elementor-position-top elementor-widget elementor-widget-image-box\" data-id=\"d26d346\" data-element_type=\"widget\" data-e-type=\"widget\" data-widget_type=\"image-box.default\">\n\t\t\t\t<div class=\"elementor-widget-container\">\n\t\t\t\t\t<div class=\"elementor-image-box-wrapper\"><figure class=\"elementor-image-box-img\"><a href=\"\/et\/transport-euroopasse\" tabindex=\"-1\"><img decoding=\"async\" width=\"347\" height=\"347\" src=\"https:\/\/rajamaki.info\/wp-content\/uploads\/2023\/04\/rajamaki_ikoni_maapallo.png\" class=\"attachment-full size-full wp-image-361\" alt=\"\" srcset=\"https:\/\/rajamaki.info\/wp-content\/uploads\/2023\/04\/rajamaki_ikoni_maapallo.png 347w, https:\/\/rajamaki.info\/wp-content\/uploads\/2023\/04\/rajamaki_ikoni_maapallo-300x300.png 300w, https:\/\/rajamaki.info\/wp-content\/uploads\/2023\/04\/rajamaki_ikoni_maapallo-150x150.png 150w\" sizes=\"(max-width: 347px) 100vw, 347px\" \/><\/a><\/figure><div class=\"elementor-image-box-content\"><h3 class=\"elementor-image-box-title\"><a href=\"\/et\/transport-euroopasse\">Transport Euroopasse<\/a><\/h3><\/div><\/div>\t\t\t\t<\/div>\n\t\t\t\t<\/div>\n\t\t\t\t\t<\/div>\n\t\t<\/div>\n\t\t\t\t<div class=\"elementor-column elementor-col-20 elementor-inner-column elementor-element elementor-element-74396d5\" data-id=\"74396d5\" data-element_type=\"column\" data-e-type=\"column\">\n\t\t\t<div class=\"elementor-widget-wrap elementor-element-populated\">\n\t\t\t\t\t\t<div class=\"elementor-element elementor-element-ceae4ad dce_masking-none elementor-position-top elementor-widget elementor-widget-image-box\" data-id=\"ceae4ad\" data-element_type=\"widget\" data-e-type=\"widget\" data-widget_type=\"image-box.default\">\n\t\t\t\t<div class=\"elementor-widget-container\">\n\t\t\t\t\t<div class=\"elementor-image-box-wrapper\"><figure class=\"elementor-image-box-img\"><a href=\"\/et\/kulmtransport-euroopasse\" tabindex=\"-1\"><img decoding=\"async\" width=\"347\" height=\"347\" src=\"https:\/\/rajamaki.info\/wp-content\/uploads\/2023\/04\/rajamaki_ikoni_hiutale.png\" class=\"attachment-full size-full wp-image-358\" alt=\"\" srcset=\"https:\/\/rajamaki.info\/wp-content\/uploads\/2023\/04\/rajamaki_ikoni_hiutale.png 347w, https:\/\/rajamaki.info\/wp-content\/uploads\/2023\/04\/rajamaki_ikoni_hiutale-300x300.png 300w, https:\/\/rajamaki.info\/wp-content\/uploads\/2023\/04\/rajamaki_ikoni_hiutale-150x150.png 150w\" sizes=\"(max-width: 347px) 100vw, 347px\" \/><\/a><\/figure><div class=\"elementor-image-box-content\"><h3 class=\"elementor-image-box-title\"><a href=\"\/et\/kulmtransport-euroopasse\">K\u00fclmtransport Euroopasse<\/a><\/h3><\/div><\/div>\t\t\t\t<\/div>\n\t\t\t\t<\/div>\n\t\t\t\t\t<\/div>\n\t\t<\/div>\n\t\t\t\t<div class=\"elementor-column elementor-col-20 elementor-inner-column elementor-element elementor-element-4c6ccf0\" data-id=\"4c6ccf0\" data-element_type=\"column\" data-e-type=\"column\">\n\t\t\t<div class=\"elementor-widget-wrap elementor-element-populated\">\n\t\t\t\t\t\t<div class=\"elementor-element elementor-element-3594d0f dce_masking-none elementor-position-top elementor-widget elementor-widget-image-box\" data-id=\"3594d0f\" data-element_type=\"widget\" data-e-type=\"widget\" data-widget_type=\"image-box.default\">\n\t\t\t\t<div class=\"elementor-widget-container\">\n\t\t\t\t\t<div class=\"elementor-image-box-wrapper\"><figure class=\"elementor-image-box-img\"><a href=\"\/et\/sundmustarvikute-logistika\" tabindex=\"-1\"><img loading=\"lazy\" decoding=\"async\" width=\"439\" height=\"347\" src=\"https:\/\/rajamaki.info\/wp-content\/uploads\/2023\/04\/rajamaki_ikoni_rallilippu.png\" class=\"attachment-full size-full wp-image-367\" alt=\"\" srcset=\"https:\/\/rajamaki.info\/wp-content\/uploads\/2023\/04\/rajamaki_ikoni_rallilippu.png 439w, https:\/\/rajamaki.info\/wp-content\/uploads\/2023\/04\/rajamaki_ikoni_rallilippu-300x237.png 300w\" sizes=\"(max-width: 439px) 100vw, 439px\" \/><\/a><\/figure><div class=\"elementor-image-box-content\"><h3 class=\"elementor-image-box-title\"><a href=\"\/et\/sundmustarvikute-logistika\">S\u00fcndmustarvikute logistika<\/a><\/h3><\/div><\/div>\t\t\t\t<\/div>\n\t\t\t\t<\/div>\n\t\t\t\t\t<\/div>\n\t\t<\/div>\n\t\t\t\t<div class=\"elementor-column elementor-col-20 elementor-inner-column elementor-element elementor-element-631d5c6\" data-id=\"631d5c6\" data-element_type=\"column\" data-e-type=\"column\">\n\t\t\t<div class=\"elementor-widget-wrap elementor-element-populated\">\n\t\t\t\t\t\t<div class=\"elementor-element elementor-element-ac3bb36 dce_masking-none elementor-position-top elementor-widget elementor-widget-image-box\" data-id=\"ac3bb36\" data-element_type=\"widget\" data-e-type=\"widget\" data-widget_type=\"image-box.default\">\n\t\t\t\t<div class=\"elementor-widget-container\">\n\t\t\t\t\t<div class=\"elementor-image-box-wrapper\"><figure class=\"elementor-image-box-img\"><a href=\"\/et\/auto-ja-mootorratta-transport-euroopasse\" tabindex=\"-1\"><img loading=\"lazy\" decoding=\"async\" width=\"347\" height=\"347\" src=\"https:\/\/rajamaki.info\/wp-content\/uploads\/2023\/04\/rajamaki_ikoni_auto.png\" class=\"attachment-full size-full wp-image-355\" alt=\"\" srcset=\"https:\/\/rajamaki.info\/wp-content\/uploads\/2023\/04\/rajamaki_ikoni_auto.png 347w, https:\/\/rajamaki.info\/wp-content\/uploads\/2023\/04\/rajamaki_ikoni_auto-300x300.png 300w, https:\/\/rajamaki.info\/wp-content\/uploads\/2023\/04\/rajamaki_ikoni_auto-150x150.png 150w\" sizes=\"(max-width: 347px) 100vw, 347px\" \/><\/a><\/figure><div class=\"elementor-image-box-content\"><h3 class=\"elementor-image-box-title\"><a href=\"\/et\/auto-ja-mootorratta-transport-euroopasse\">Auto ja mootorratta transport Euroopasse<\/a><\/h3><\/div><\/div>\t\t\t\t<\/div>\n\t\t\t\t<\/div>\n\t\t\t\t\t<\/div>\n\t\t<\/div>\n\t\t\t\t<div class=\"elementor-column elementor-col-20 elementor-inner-column elementor-element elementor-element-b835982\" data-id=\"b835982\" data-element_type=\"column\" data-e-type=\"column\">\n\t\t\t<div class=\"elementor-widget-wrap elementor-element-populated\">\n\t\t\t\t\t\t<div class=\"elementor-element elementor-element-d710a60 dce_masking-none elementor-position-top elementor-widget elementor-widget-image-box\" data-id=\"d710a60\" data-element_type=\"widget\" data-e-type=\"widget\" data-widget_type=\"image-box.default\">\n\t\t\t\t<div class=\"elementor-widget-container\">\n\t\t\t\t\t<div class=\"elementor-image-box-wrapper\"><figure class=\"elementor-image-box-img\"><a href=\"\/et\/kolimisveod-hispaaniasse\" tabindex=\"-1\"><img loading=\"lazy\" decoding=\"async\" width=\"347\" height=\"347\" src=\"https:\/\/rajamaki.info\/wp-content\/uploads\/2023\/04\/rajamaki_ikoni_nokkakarryt.png\" class=\"attachment-full size-full wp-image-364\" alt=\"\" srcset=\"https:\/\/rajamaki.info\/wp-content\/uploads\/2023\/04\/rajamaki_ikoni_nokkakarryt.png 347w, https:\/\/rajamaki.info\/wp-content\/uploads\/2023\/04\/rajamaki_ikoni_nokkakarryt-300x300.png 300w, https:\/\/rajamaki.info\/wp-content\/uploads\/2023\/04\/rajamaki_ikoni_nokkakarryt-150x150.png 150w\" sizes=\"(max-width: 347px) 100vw, 347px\" \/><\/a><\/figure><div class=\"elementor-image-box-content\"><h3 class=\"elementor-image-box-title\"><a href=\"\/et\/kolimisveod-hispaaniasse\">Kolimisveod Hispaaniasse<\/a><\/h3><\/div><\/div>\t\t\t\t<\/div>\n\t\t\t\t<\/div>\n\t\t\t\t\t<\/div>\n\t\t<\/div>\n\t\t\t\t\t<\/div>\n\t\t<\/section>\n\t\t\t\t\t<\/div>\n\t\t<\/div>\n\t\t\t\t\t<\/div>\n\t\t<\/section>\n\t\t\t\t<\/div>\n\t\t\t\t<\/div>\n\t\t\t\t\t\t<\/div>\n\t\t\t\t<\/div>\n\t\t\t\t\t<\/div>\n\t\t<\/div>\n\t\t\t\t\t<\/div>\n\t\t<\/section>\n\t\t\t\t<\/div>\n\t\t","protected":false},"excerpt":{"rendered":"<p>Transport P\u00f5hjamaadesse Transport Rootsi, Norrasse ja Taani P\u00f5hjamaadest teostame regulaarvedusid Rootsi, Norrasse ja Taani. Meie transpordipark koosneb Euro 6 heitmestandardile vastavatest poolhaagiste kombinatsioonidest. Kasutame GPS-j\u00e4lgimisega furgoon- v\u00f5i k\u00fcljelt avatavad haagised. Teie personaalne kontaktisik tagab teie kaubavoogude sujuva transpordi k\u00f5ikides P\u00f5hjamaades.<\/p>\n","protected":false},"author":1,"featured_media":0,"parent":0,"menu_order":0,"comment_status":"closed","ping_status":"closed","template":"","meta":{"footnotes":""},"class_list":["post-1044","page","type-page","status-publish","hentry"],"_links":{"self":[{"href":"https:\/\/rajamaki.info\/et\/wp-json\/wp\/v2\/pages\/1044","targetHints":{"allow":["GET"]}}],"collection":[{"href":"https:\/\/rajamaki.info\/et\/wp-json\/wp\/v2\/pages"}],"about":[{"href":"https:\/\/rajamaki.info\/et\/wp-json\/wp\/v2\/types\/page"}],"author":[{"embeddable":true,"href":"https:\/\/rajamaki.info\/et\/wp-json\/wp\/v2\/users\/1"}],"replies":[{"embeddable":true,"href":"https:\/\/rajamaki.info\/et\/wp-json\/wp\/v2\/comments?post=1044"}],"version-history":[{"count":10,"href":"https:\/\/rajamaki.info\/et\/wp-json\/wp\/v2\/pages\/1044\/revisions"}],"predecessor-version":[{"id":1405,"href":"https:\/\/rajamaki.info\/et\/wp-json\/wp\/v2\/pages\/1044\/revisions\/1405"}],"wp:attachment":[{"href":"https:\/\/rajamaki.info\/et\/wp-json\/wp\/v2\/media?parent=1044"}],"curies":[{"name":"wp","href":"https:\/\/api.w.org\/{rel}","templated":true}]}}